{"id":89,"date":"2013-11-04T13:42:48","date_gmt":"2013-11-04T11:42:48","guid":{"rendered":"http:\/\/www.pro-con-trading.de\/v1\/?page_id=89"},"modified":"2018-03-26T13:57:38","modified_gmt":"2018-03-26T11:57:38","slug":"buerstendichtungen","status":"publish","type":"page","link":"https:\/\/www.pro-con-trading.de\/v1\/buersten\/buerstendichtungen\/","title":{"rendered":"B\u00fcrstendichtungen"},"content":{"rendered":"<p><div class=\"fusion-fullwidth fullwidth-box fusion-builder-row-1 nonhundred-percent-fullwidth non-hundred-percent-height-scrolling\" style=\"--awb-border-radius-top-left:0px;--awb-border-radius-top-right:0px;--awb-border-radius-bottom-right:0px;--awb-border-radius-bottom-left:0px;--awb-flex-wrap:wrap;\" ><div class=\"fusion-builder-row fusion-row\"><div class=\"fusion-layout-column fusion_builder_column fusion-builder-column-0 fusion_builder_column_1_1 1_1 fusion-one-full fusion-column-first fusion-column-last\" style=\"--awb-bg-size:cover;\"><div class=\"fusion-column-wrapper fusion-flex-column-wrapper-legacy\"><div class=\"fusion-text fusion-text-1\"><h1 style=\"text-align: center;\">B\u00fcrstendichtungen<\/h1>\n<\/div><div class=\"fusion-clearfix\"><\/div><\/div><\/div><\/div><\/div><div class=\"fusion-fullwidth fullwidth-box fusion-builder-row-2 nonhundred-percent-fullwidth non-hundred-percent-height-scrolling\" style=\"--awb-border-radius-top-left:0px;--awb-border-radius-top-right:0px;--awb-border-radius-bottom-right:0px;--awb-border-radius-bottom-left:0px;--awb-flex-wrap:wrap;\" ><div class=\"fusion-builder-row fusion-row\"><div class=\"fusion-layout-column fusion_builder_column fusion-builder-column-1 fusion_builder_column_5_6 5_6 fusion-five-sixth fusion-column-first\" style=\"--awb-bg-size:cover;--awb-margin-bottom:0px;width:82.6666%; margin-right: 4%;\"><div class=\"fusion-column-wrapper fusion-flex-column-wrapper-legacy\"><div class=\"fusion-text fusion-text-2\"><p><strong>F\u00fcr Rolladen-, Rolltorschienen, Fliegengitter, Vitrinen- und M\u00f6belt\u00fcren, Schiebefenster, T\u00fcren.<\/strong><\/p>\n<p><strong>Borstenfarbe<br \/>\n<\/strong>grau, schwarz, weitere Farben auf Anfrage.<\/p>\n<p><strong>Borstenmaterial<br \/>\n<\/strong>Polypropylen, wasserabweisend.<\/p>\n<p><strong>Verpackung<br \/>\n<\/strong>auf Spulen gewickelt, 3 oder 4 im Karton Sonderverpackung auf Anfrage.<\/p>\n<\/div><div class=\"fusion-clearfix\"><\/div><\/div><\/div><div class=\"fusion-layout-column fusion_builder_column fusion-builder-column-2 fusion_builder_column_1_6 1_6 fusion-one-sixth fusion-column-last\" style=\"--awb-bg-size:cover;--awb-margin-bottom:0px;width:13.3333%;\"><div class=\"fusion-column-wrapper fusion-flex-column-wrapper-legacy\"><div class=\"fusion-image-element in-legacy-container\" style=\"--awb-caption-title-font-family:var(--h2_typography-font-family);--awb-caption-title-font-weight:var(--h2_typography-font-weight);--awb-caption-title-font-style:var(--h2_typography-font-style);--awb-caption-title-size:var(--h2_typography-font-size);--awb-caption-title-transform:var(--h2_typography-text-transform);--awb-caption-title-line-height:var(--h2_typography-line-height);--awb-caption-title-letter-spacing:var(--h2_typography-letter-spacing);\"><span class=\" fusion-imageframe imageframe-none imageframe-1 hover-type-none\"><img decoding=\"async\" width=\"500\" height=\"333\" title=\"20180119-B\u00fcrstensortiment_transparenterverlauf-2\" src=\"http:\/\/www.pro-con-trading.de\/v1\/wp-content\/uploads\/2018\/02\/20180119-B\u00fcrstensortiment_transparenterverlauf-2-3.jpg\" alt class=\"img-responsive wp-image-849\" srcset=\"https:\/\/www.pro-con-trading.de\/v1\/wp-content\/uploads\/2018\/02\/20180119-B\u00fcrstensortiment_transparenterverlauf-2-3-200x133.jpg 200w, https:\/\/www.pro-con-trading.de\/v1\/wp-content\/uploads\/2018\/02\/20180119-B\u00fcrstensortiment_transparenterverlauf-2-3-400x266.jpg 400w, https:\/\/www.pro-con-trading.de\/v1\/wp-content\/uploads\/2018\/02\/20180119-B\u00fcrstensortiment_transparenterverlauf-2-3.jpg 500w\" sizes=\"(max-width: 800px) 100vw, 200px\" \/><\/span><\/div><div class=\"fusion-clearfix\"><\/div><\/div><\/div><\/div><\/div><div class=\"fusion-fullwidth fullwidth-box fusion-builder-row-3 nonhundred-percent-fullwidth non-hundred-percent-height-scrolling\" style=\"--awb-border-radius-top-left:0px;--awb-border-radius-top-right:0px;--awb-border-radius-bottom-right:0px;--awb-border-radius-bottom-left:0px;--awb-flex-wrap:wrap;\" ><div class=\"fusion-builder-row fusion-row\"><div class=\"fusion-layout-column fusion_builder_column fusion-builder-column-3 fusion_builder_column_1_1 1_1 fusion-one-full fusion-column-first fusion-column-last\" style=\"--awb-bg-size:cover;\"><div class=\"fusion-column-wrapper fusion-flex-column-wrapper-legacy\"><div class=\"fusion-image-carousel fusion-image-carousel-auto fusion-image-carousel-1 lightbox-enabled fusion-carousel-border\"><div class=\"awb-carousel awb-swiper awb-swiper-carousel awb-carousel--carousel awb-swiper-dots-position-bottom\" data-layout=\"carousel\" data-autoplay=\"yes\" data-autoplayspeed=\"2500\" data-autoplaypause=\"no\" data-columns=\"3\" data-columnsmedium=\"1\" data-columnssmall=\"1\" data-itemmargin=\"13\" data-itemwidth=\"180\" data-touchscroll=\"no\" data-freemode=\"no\" data-imagesize=\"auto\" data-scrollitems=\"0\" data-centeredslides=\"no\" data-rotationangle=\"50\" data-depth=\"100\" data-speed=\"500\" data-shadow=\"no\" data-pagination=\"bullets\" style=\"--awb-columns:3;--awb-border-width:1px;--awb-border-color:#e9eaee;\"><div class=\"swiper-wrapper awb-image-carousel-wrapper fusion-flex-align-items-center\"><div class=\"swiper-slide\"><div class=\"fusion-carousel-item-wrapper\"><div class=\"fusion-image-wrapper hover-type-zoomin\"><a data-rel=\"iLightbox[image_carousel_1]\" data-title=\"20180216-20180216-IMG_20180216_122645\" aria-label=\"20180216-20180216-IMG_20180216_122645\" href=\"https:\/\/buerstendichtungen.com\" target=\"_self\"><img decoding=\"async\" width=\"495\" height=\"375\" src=\"https:\/\/www.pro-con-trading.de\/v1\/wp-content\/uploads\/2018\/03\/20180216-20180216-IMG_20180216_122645-e1522064871558.jpg\" class=\"attachment-full size-full\" alt=\"B\u00fcrstendichtung \u00fcber Kante\" srcset=\"https:\/\/www.pro-con-trading.de\/v1\/wp-content\/uploads\/2018\/03\/20180216-20180216-IMG_20180216_122645-e1522064871558-200x152.jpg 200w, https:\/\/www.pro-con-trading.de\/v1\/wp-content\/uploads\/2018\/03\/20180216-20180216-IMG_20180216_122645-e1522064871558-400x303.jpg 400w, https:\/\/www.pro-con-trading.de\/v1\/wp-content\/uploads\/2018\/03\/20180216-20180216-IMG_20180216_122645-e1522064871558.jpg 495w\" sizes=\"(min-width: 2200px) 100vw, (min-width: 784px) 358px, (min-width: 712px) 537px, (min-width: 640px) 712px, \" \/><\/a><\/div><\/div><\/div><div class=\"swiper-slide\"><div class=\"fusion-carousel-item-wrapper\"><div class=\"fusion-image-wrapper hover-type-zoomin\"><a data-rel=\"iLightbox[image_carousel_1]\" data-title=\"20180228-20180216-B\u00fcrstendichtung-\u00fcber-Kante\" aria-label=\"20180228-20180216-B\u00fcrstendichtung-\u00fcber-Kante\" href=\"https:\/\/buerstendichtungen.com\" target=\"_self\"><img decoding=\"async\" width=\"500\" height=\"375\" src=\"https:\/\/www.pro-con-trading.de\/v1\/wp-content\/uploads\/2018\/03\/20180228-20180216-B\u00fcrstendichtung-\u00fcber-Kante-e1522064930297.jpg\" class=\"attachment-full size-full\" alt=\"B\u00fcrstendichtung \u00fcber Rundung\" srcset=\"https:\/\/www.pro-con-trading.de\/v1\/wp-content\/uploads\/2018\/03\/20180228-20180216-B\u00fcrstendichtung-\u00fcber-Kante-e1522064930297-200x150.jpg 200w, https:\/\/www.pro-con-trading.de\/v1\/wp-content\/uploads\/2018\/03\/20180228-20180216-B\u00fcrstendichtung-\u00fcber-Kante-e1522064930297-400x300.jpg 400w, https:\/\/www.pro-con-trading.de\/v1\/wp-content\/uploads\/2018\/03\/20180228-20180216-B\u00fcrstendichtung-\u00fcber-Kante-e1522064930297.jpg 500w\" sizes=\"(min-width: 2200px) 100vw, (min-width: 784px) 358px, (min-width: 712px) 537px, (min-width: 640px) 712px, \" \/><\/a><\/div><\/div><\/div><div class=\"swiper-slide\"><div class=\"fusion-carousel-item-wrapper\"><div class=\"fusion-image-wrapper hover-type-zoomin\"><a data-rel=\"iLightbox[image_carousel_1]\" data-title=\"20160201-B\u00fcrstendichtung schwarz SK-3M\" aria-label=\"20160201-B\u00fcrstendichtung schwarz SK-3M\" href=\"https:\/\/buerstendichtungen.com\" target=\"_self\"><img decoding=\"async\" width=\"500\" height=\"375\" src=\"https:\/\/www.pro-con-trading.de\/v1\/wp-content\/uploads\/2018\/03\/20160201-B\u00fcrstendichtung-schwarz-SK-3M.jpg\" class=\"attachment-full size-full\" alt=\"B\u00fcrstendichtung in der M\u00f6belindustrie\" srcset=\"https:\/\/www.pro-con-trading.de\/v1\/wp-content\/uploads\/2018\/03\/20160201-B\u00fcrstendichtung-schwarz-SK-3M-200x150.jpg 200w, https:\/\/www.pro-con-trading.de\/v1\/wp-content\/uploads\/2018\/03\/20160201-B\u00fcrstendichtung-schwarz-SK-3M-400x300.jpg 400w, https:\/\/www.pro-con-trading.de\/v1\/wp-content\/uploads\/2018\/03\/20160201-B\u00fcrstendichtung-schwarz-SK-3M.jpg 500w\" sizes=\"(min-width: 2200px) 100vw, (min-width: 784px) 358px, (min-width: 712px) 537px, (min-width: 640px) 712px, \" \/><\/a><\/div><\/div><\/div><div class=\"swiper-slide\"><div class=\"fusion-carousel-item-wrapper\"><div class=\"fusion-image-wrapper hover-type-zoomin\"><a data-rel=\"iLightbox[image_carousel_1]\" data-title=\"20160201-B\u00fcrstendichtung grau SK-3M\" aria-label=\"20160201-B\u00fcrstendichtung grau SK-3M\" href=\"https:\/\/buerstendichtungen.com\" target=\"_self\"><img decoding=\"async\" width=\"500\" height=\"375\" src=\"https:\/\/www.pro-con-trading.de\/v1\/wp-content\/uploads\/2018\/03\/20160201-B\u00fcrstendichtung-grau-SK-3M.jpg\" class=\"attachment-full size-full\" alt=\"B\u00fcrstendichtung in der M\u00f6belindustrie\" srcset=\"https:\/\/www.pro-con-trading.de\/v1\/wp-content\/uploads\/2018\/03\/20160201-B\u00fcrstendichtung-grau-SK-3M-200x150.jpg 200w, https:\/\/www.pro-con-trading.de\/v1\/wp-content\/uploads\/2018\/03\/20160201-B\u00fcrstendichtung-grau-SK-3M-400x300.jpg 400w, https:\/\/www.pro-con-trading.de\/v1\/wp-content\/uploads\/2018\/03\/20160201-B\u00fcrstendichtung-grau-SK-3M.jpg 500w\" sizes=\"(min-width: 2200px) 100vw, (min-width: 784px) 358px, (min-width: 712px) 537px, (min-width: 640px) 712px, \" \/><\/a><\/div><\/div><\/div><div class=\"swiper-slide\"><div class=\"fusion-carousel-item-wrapper\"><div class=\"fusion-image-wrapper hover-type-zoomin\"><a data-rel=\"iLightbox[image_carousel_1]\" data-title=\"20160118-B\u00fcrstendichtung in T\u00fcte\" aria-label=\"20160118-B\u00fcrstendichtung in T\u00fcte\" href=\"https:\/\/buerstendichtungen.com\" target=\"_self\"><img decoding=\"async\" width=\"500\" height=\"375\" src=\"https:\/\/www.pro-con-trading.de\/v1\/wp-content\/uploads\/2018\/03\/20160118-B\u00fcrstendichtung-in-T\u00fcte-e1522065070122.jpg\" class=\"attachment-full size-full\" alt=\"B\u00fcrstendichtung in der M\u00f6belindustrie\" srcset=\"https:\/\/www.pro-con-trading.de\/v1\/wp-content\/uploads\/2018\/03\/20160118-B\u00fcrstendichtung-in-T\u00fcte-e1522065070122-200x150.jpg 200w, https:\/\/www.pro-con-trading.de\/v1\/wp-content\/uploads\/2018\/03\/20160118-B\u00fcrstendichtung-in-T\u00fcte-e1522065070122-400x300.jpg 400w, https:\/\/www.pro-con-trading.de\/v1\/wp-content\/uploads\/2018\/03\/20160118-B\u00fcrstendichtung-in-T\u00fcte-e1522065070122.jpg 500w\" sizes=\"(min-width: 2200px) 100vw, (min-width: 784px) 358px, (min-width: 712px) 537px, (min-width: 640px) 712px, \" \/><\/a><\/div><\/div><\/div><div class=\"swiper-slide\"><div class=\"fusion-carousel-item-wrapper\"><div class=\"fusion-image-wrapper hover-type-zoomin\"><a data-rel=\"iLightbox[image_carousel_1]\" data-title=\"20180206-20180206-IMG_20180206_145411\" aria-label=\"20180206-20180206-IMG_20180206_145411\" href=\"https:\/\/buerstendichtungen.com\" target=\"_self\"><img decoding=\"async\" width=\"500\" height=\"375\" src=\"https:\/\/www.pro-con-trading.de\/v1\/wp-content\/uploads\/2018\/03\/20180206-20180206-IMG_20180206_145411.jpg\" class=\"attachment-full size-full\" alt=\"B\u00fcrstendichtung in der M\u00f6belindustrie\" srcset=\"https:\/\/www.pro-con-trading.de\/v1\/wp-content\/uploads\/2018\/03\/20180206-20180206-IMG_20180206_145411-200x150.jpg 200w, https:\/\/www.pro-con-trading.de\/v1\/wp-content\/uploads\/2018\/03\/20180206-20180206-IMG_20180206_145411-400x300.jpg 400w, https:\/\/www.pro-con-trading.de\/v1\/wp-content\/uploads\/2018\/03\/20180206-20180206-IMG_20180206_145411.jpg 500w\" sizes=\"(min-width: 2200px) 100vw, (min-width: 784px) 358px, (min-width: 712px) 537px, (min-width: 640px) 712px, \" \/><\/a><\/div><\/div><\/div><\/div><div class=\"awb-swiper-button awb-swiper-button-prev\"><i class=\"awb-icon-angle-left\" aria-hidden=\"true\"><\/i><\/div><div class=\"awb-swiper-button awb-swiper-button-next\"><i class=\"awb-icon-angle-right\" aria-hidden=\"true\"><\/i><\/div><\/div><\/div><div class=\"fusion-aligncenter\"><a class=\"fusion-button button-flat fusion-button-default-size button-custom fusion-button-default button-1 fusion-button-default-span fusion-button-default-type\" style=\"--button_accent_color:#ffffff;--button_accent_hover_color:#ffffff;--button_border_hover_color:#ffffff;--button-border-radius-top-left:0px;--button-border-radius-top-right:0px;--button-border-radius-bottom-right:0px;--button-border-radius-bottom-left:0px;--button_gradient_top_color:#2d55a3;--button_gradient_bottom_color:#2d55a3;--button_gradient_top_color_hover:#03a9f4;--button_gradient_bottom_color_hover:#03a9f4;\" target=\"_self\" href=\"https:\/\/buerstendichtungen.com\/\"><i class=\" fa fa-barcode awb-button__icon awb-button__icon--default button-icon-left\" aria-hidden=\"true\"><\/i><span class=\"fusion-button-text awb-button__text awb-button__text--default\">Zum Sortiment B\u00fcrstendichtungen<\/span><\/a><\/div><div class=\"fusion-clearfix\"><\/div><\/div><\/div><\/div><\/div><\/p>\n","protected":false},"excerpt":{"rendered":"","protected":false},"author":1,"featured_media":0,"parent":40,"menu_order":0,"comment_status":"open","ping_status":"open","template":"","meta":{"footnotes":""},"class_list":["post-89","page","type-page","status-publish","hentry"],"yoast_head":"<!-- This site is optimized with the Yoast SEO plugin v27.3 - https:\/\/yoast.com\/product\/yoast-seo-wordpress\/ -->\n<title>B\u00fcrstendichtungen, pile weather strip Pro-Con GmbH<\/title>\n<meta name=\"description\" content=\"B\u00fcrstendichtungen f\u00fcr Insektenschutz, Fliegengitter, Rolladen, Rolltorschienen, T\u00fcren, Schiebefenster, Schiebet\u00fcren, M\u00f6bel\" \/>\n<meta name=\"robots\" content=\"index, follow, max-snippet:-1, max-image-preview:large, max-video-preview:-1\" \/>\n<link rel=\"canonical\" href=\"https:\/\/www.pro-con-trading.de\/v1\/buersten\/buerstendichtungen\/\" \/>\n<meta property=\"og:locale\" content=\"de_DE\" \/>\n<meta property=\"og:type\" content=\"article\" \/>\n<meta property=\"og:title\" content=\"B\u00fcrstendichtungen, pile weather strip Pro-Con GmbH\" \/>\n<meta property=\"og:description\" content=\"B\u00fcrstendichtungen f\u00fcr Insektenschutz, Fliegengitter, Rolladen, Rolltorschienen, T\u00fcren, Schiebefenster, Schiebet\u00fcren, M\u00f6bel\" \/>\n<meta property=\"og:url\" content=\"https:\/\/www.pro-con-trading.de\/v1\/buersten\/buerstendichtungen\/\" \/>\n<meta property=\"og:site_name\" content=\"Pro-Con GmbH\" \/>\n<meta property=\"article:modified_time\" content=\"2018-03-26T11:57:38+00:00\" \/>\n<meta name=\"twitter:card\" content=\"summary_large_image\" \/>\n<meta name=\"twitter:label1\" content=\"Gesch\u00e4tzte Lesezeit\" \/>\n\t<meta name=\"twitter:data1\" content=\"5\u00a0Minuten\" \/>\n<script type=\"application\/ld+json\" class=\"yoast-schema-graph\">{\"@context\":\"https:\\\/\\\/schema.org\",\"@graph\":[{\"@type\":\"WebPage\",\"@id\":\"https:\\\/\\\/www.pro-con-trading.de\\\/v1\\\/buersten\\\/buerstendichtungen\\\/\",\"url\":\"https:\\\/\\\/www.pro-con-trading.de\\\/v1\\\/buersten\\\/buerstendichtungen\\\/\",\"name\":\"B\u00fcrstendichtungen, pile weather strip Pro-Con GmbH\",\"isPartOf\":{\"@id\":\"https:\\\/\\\/www.pro-con-trading.de\\\/v1\\\/#website\"},\"datePublished\":\"2013-11-04T11:42:48+00:00\",\"dateModified\":\"2018-03-26T11:57:38+00:00\",\"description\":\"B\u00fcrstendichtungen f\u00fcr Insektenschutz, Fliegengitter, Rolladen, Rolltorschienen, T\u00fcren, Schiebefenster, Schiebet\u00fcren, M\u00f6bel\",\"breadcrumb\":{\"@id\":\"https:\\\/\\\/www.pro-con-trading.de\\\/v1\\\/buersten\\\/buerstendichtungen\\\/#breadcrumb\"},\"inLanguage\":\"de\",\"potentialAction\":[{\"@type\":\"ReadAction\",\"target\":[\"https:\\\/\\\/www.pro-con-trading.de\\\/v1\\\/buersten\\\/buerstendichtungen\\\/\"]}]},{\"@type\":\"BreadcrumbList\",\"@id\":\"https:\\\/\\\/www.pro-con-trading.de\\\/v1\\\/buersten\\\/buerstendichtungen\\\/#breadcrumb\",\"itemListElement\":[{\"@type\":\"ListItem\",\"position\":1,\"name\":\"Startseite\",\"item\":\"https:\\\/\\\/www.pro-con-trading.de\\\/v1\\\/\"},{\"@type\":\"ListItem\",\"position\":2,\"name\":\"B\u00fcrsten\",\"item\":\"https:\\\/\\\/www.pro-con-trading.de\\\/v1\\\/buersten\\\/\"},{\"@type\":\"ListItem\",\"position\":3,\"name\":\"B\u00fcrstendichtungen\"}]},{\"@type\":\"WebSite\",\"@id\":\"https:\\\/\\\/www.pro-con-trading.de\\\/v1\\\/#website\",\"url\":\"https:\\\/\\\/www.pro-con-trading.de\\\/v1\\\/\",\"name\":\"Pro-Con GmbH\",\"description\":\"Trading Conceptions\",\"potentialAction\":[{\"@type\":\"SearchAction\",\"target\":{\"@type\":\"EntryPoint\",\"urlTemplate\":\"https:\\\/\\\/www.pro-con-trading.de\\\/v1\\\/?s={search_term_string}\"},\"query-input\":{\"@type\":\"PropertyValueSpecification\",\"valueRequired\":true,\"valueName\":\"search_term_string\"}}],\"inLanguage\":\"de\"}]}<\/script>\n<!-- \/ Yoast SEO plugin. -->","yoast_head_json":{"title":"B\u00fcrstendichtungen, pile weather strip Pro-Con GmbH","description":"B\u00fcrstendichtungen f\u00fcr Insektenschutz, Fliegengitter, Rolladen, Rolltorschienen, T\u00fcren, Schiebefenster, Schiebet\u00fcren, M\u00f6bel","robots":{"index":"index","follow":"follow","max-snippet":"max-snippet:-1","max-image-preview":"max-image-preview:large","max-video-preview":"max-video-preview:-1"},"canonical":"https:\/\/www.pro-con-trading.de\/v1\/buersten\/buerstendichtungen\/","og_locale":"de_DE","og_type":"article","og_title":"B\u00fcrstendichtungen, pile weather strip Pro-Con GmbH","og_description":"B\u00fcrstendichtungen f\u00fcr Insektenschutz, Fliegengitter, Rolladen, Rolltorschienen, T\u00fcren, Schiebefenster, Schiebet\u00fcren, M\u00f6bel","og_url":"https:\/\/www.pro-con-trading.de\/v1\/buersten\/buerstendichtungen\/","og_site_name":"Pro-Con GmbH","article_modified_time":"2018-03-26T11:57:38+00:00","twitter_card":"summary_large_image","twitter_misc":{"Gesch\u00e4tzte Lesezeit":"5\u00a0Minuten"},"schema":{"@context":"https:\/\/schema.org","@graph":[{"@type":"WebPage","@id":"https:\/\/www.pro-con-trading.de\/v1\/buersten\/buerstendichtungen\/","url":"https:\/\/www.pro-con-trading.de\/v1\/buersten\/buerstendichtungen\/","name":"B\u00fcrstendichtungen, pile weather strip Pro-Con GmbH","isPartOf":{"@id":"https:\/\/www.pro-con-trading.de\/v1\/#website"},"datePublished":"2013-11-04T11:42:48+00:00","dateModified":"2018-03-26T11:57:38+00:00","description":"B\u00fcrstendichtungen f\u00fcr Insektenschutz, Fliegengitter, Rolladen, Rolltorschienen, T\u00fcren, Schiebefenster, Schiebet\u00fcren, M\u00f6bel","breadcrumb":{"@id":"https:\/\/www.pro-con-trading.de\/v1\/buersten\/buerstendichtungen\/#breadcrumb"},"inLanguage":"de","potentialAction":[{"@type":"ReadAction","target":["https:\/\/www.pro-con-trading.de\/v1\/buersten\/buerstendichtungen\/"]}]},{"@type":"BreadcrumbList","@id":"https:\/\/www.pro-con-trading.de\/v1\/buersten\/buerstendichtungen\/#breadcrumb","itemListElement":[{"@type":"ListItem","position":1,"name":"Startseite","item":"https:\/\/www.pro-con-trading.de\/v1\/"},{"@type":"ListItem","position":2,"name":"B\u00fcrsten","item":"https:\/\/www.pro-con-trading.de\/v1\/buersten\/"},{"@type":"ListItem","position":3,"name":"B\u00fcrstendichtungen"}]},{"@type":"WebSite","@id":"https:\/\/www.pro-con-trading.de\/v1\/#website","url":"https:\/\/www.pro-con-trading.de\/v1\/","name":"Pro-Con GmbH","description":"Trading Conceptions","potentialAction":[{"@type":"SearchAction","target":{"@type":"EntryPoint","urlTemplate":"https:\/\/www.pro-con-trading.de\/v1\/?s={search_term_string}"},"query-input":{"@type":"PropertyValueSpecification","valueRequired":true,"valueName":"search_term_string"}}],"inLanguage":"de"}]}},"_links":{"self":[{"href":"https:\/\/www.pro-con-trading.de\/v1\/wp-json\/wp\/v2\/pages\/89","targetHints":{"allow":["GET"]}}],"collection":[{"href":"https:\/\/www.pro-con-trading.de\/v1\/wp-json\/wp\/v2\/pages"}],"about":[{"href":"https:\/\/www.pro-con-trading.de\/v1\/wp-json\/wp\/v2\/types\/page"}],"author":[{"embeddable":true,"href":"https:\/\/www.pro-con-trading.de\/v1\/wp-json\/wp\/v2\/users\/1"}],"replies":[{"embeddable":true,"href":"https:\/\/www.pro-con-trading.de\/v1\/wp-json\/wp\/v2\/comments?post=89"}],"version-history":[{"count":15,"href":"https:\/\/www.pro-con-trading.de\/v1\/wp-json\/wp\/v2\/pages\/89\/revisions"}],"predecessor-version":[{"id":1089,"href":"https:\/\/www.pro-con-trading.de\/v1\/wp-json\/wp\/v2\/pages\/89\/revisions\/1089"}],"up":[{"embeddable":true,"href":"https:\/\/www.pro-con-trading.de\/v1\/wp-json\/wp\/v2\/pages\/40"}],"wp:attachment":[{"href":"https:\/\/www.pro-con-trading.de\/v1\/wp-json\/wp\/v2\/media?parent=89"}],"curies":[{"name":"wp","href":"https:\/\/api.w.org\/{rel}","templated":true}]}}