{"id":87,"date":"2013-11-04T13:42:23","date_gmt":"2013-11-04T11:42:23","guid":{"rendered":"http:\/\/www.pro-con-trading.de\/v1\/?page_id=87"},"modified":"2018-03-27T18:02:37","modified_gmt":"2018-03-27T16:02:37","slug":"sonderbuersten","status":"publish","type":"page","link":"https:\/\/www.pro-con-trading.de\/v1\/buersten\/sonderbuersten\/","title":{"rendered":"Sonderb\u00fcrsten"},"content":{"rendered":"<div class=\"fusion-fullwidth fullwidth-box fusion-builder-row-1 nonhundred-percent-fullwidth non-hundred-percent-height-scrolling\" style=\"--awb-border-radius-top-left:0px;--awb-border-radius-top-right:0px;--awb-border-radius-bottom-right:0px;--awb-border-radius-bottom-left:0px;--awb-flex-wrap:wrap;\" ><div class=\"fusion-builder-row fusion-row\"><div class=\"fusion-layout-column fusion_builder_column fusion-builder-column-0 fusion_builder_column_1_1 1_1 fusion-one-full fusion-column-first fusion-column-last\" style=\"--awb-bg-size:cover;--awb-margin-bottom:0px;\"><div class=\"fusion-column-wrapper fusion-flex-column-wrapper-legacy\"><div class=\"fusion-text fusion-text-1\"><h1 style=\"text-align: center;\">Sonderb\u00fcrsten<\/h1>\n<\/div><div class=\"fusion-text fusion-text-2\"><p><strong><img decoding=\"async\" class=\"alignright size-full wp-image-222\" src=\"http:\/\/www.pro-con-trading.de\/v1\/wp-content\/uploads\/2013\/11\/sonderanfertigungen.jpg\" alt=\"sonderanfertigungen\" width=\"200\" height=\"140\" \/>Sonderanfertigungen von B\u00fcrsten<\/strong> in jeder Form.<\/p>\n<p>Nennen sie Ihren Anwendungsfall und wir finden eine L\u00f6sung daf\u00fcr.<\/p>\n<p><strong>B\u00fcrsten f\u00fcr Sonderzwecke zum Beispiel f\u00fcr:<\/strong><\/p>\n<ul class=\"bullet-6\">\n<li>Pinselb\u00fcrsten mit und ohne Mediendurchfluss.<\/li>\n<li>Sonderwalzenb\u00fcrsten f\u00fcr Druckmaschinen.<\/li>\n<li>B\u00fcrsten f\u00fcr die Textilindustrie<\/li>\n<li>B\u00fcrsten f\u00fcr die Lebensmittelindustrie.<\/li>\n<li>B\u00fcrsten f\u00fcr die Bodenreinigung, Kehrmaschinen.<\/li>\n<\/ul>\n<p>Sie sehen wie vielseitig die Anwendung ist, senden Sie eine Skizze, beschreiben sie Ihr Problem.<\/p>\n<\/div><div class=\"fusion-clearfix\"><\/div><\/div><\/div><\/div><\/div>\n","protected":false},"excerpt":{"rendered":"","protected":false},"author":1,"featured_media":0,"parent":40,"menu_order":0,"comment_status":"open","ping_status":"open","template":"","meta":{"footnotes":""},"class_list":["post-87","page","type-page","status-publish","hentry"],"yoast_head":"<!-- This site is optimized with the Yoast SEO plugin v27.4 - https:\/\/yoast.com\/product\/yoast-seo-wordpress\/ -->\n<title>Sonderb\u00fcrsten - Pro-Con GmbH<\/title>\n<meta name=\"robots\" content=\"index, follow, max-snippet:-1, max-image-preview:large, max-video-preview:-1\" \/>\n<link rel=\"canonical\" href=\"https:\/\/www.pro-con-trading.de\/v1\/buersten\/sonderbuersten\/\" \/>\n<meta property=\"og:locale\" content=\"de_DE\" \/>\n<meta property=\"og:type\" content=\"article\" \/>\n<meta property=\"og:title\" content=\"Sonderb\u00fcrsten - Pro-Con GmbH\" \/>\n<meta property=\"og:url\" content=\"https:\/\/www.pro-con-trading.de\/v1\/buersten\/sonderbuersten\/\" \/>\n<meta property=\"og:site_name\" content=\"Pro-Con GmbH\" \/>\n<meta property=\"article:modified_time\" content=\"2018-03-27T16:02:37+00:00\" \/>\n<meta property=\"og:image\" content=\"http:\/\/www.pro-con-trading.de\/v1\/wp-content\/uploads\/2013\/11\/sonderanfertigungen.jpg\" \/>\n<meta name=\"twitter:card\" content=\"summary_large_image\" \/>\n<meta name=\"twitter:label1\" content=\"Gesch\u00e4tzte Lesezeit\" \/>\n\t<meta name=\"twitter:data1\" content=\"1\u00a0Minute\" \/>\n<script type=\"application\/ld+json\" class=\"yoast-schema-graph\">{\"@context\":\"https:\\\/\\\/schema.org\",\"@graph\":[{\"@type\":\"WebPage\",\"@id\":\"https:\\\/\\\/www.pro-con-trading.de\\\/v1\\\/buersten\\\/sonderbuersten\\\/\",\"url\":\"https:\\\/\\\/www.pro-con-trading.de\\\/v1\\\/buersten\\\/sonderbuersten\\\/\",\"name\":\"Sonderb\u00fcrsten - Pro-Con GmbH\",\"isPartOf\":{\"@id\":\"https:\\\/\\\/www.pro-con-trading.de\\\/v1\\\/#website\"},\"primaryImageOfPage\":{\"@id\":\"https:\\\/\\\/www.pro-con-trading.de\\\/v1\\\/buersten\\\/sonderbuersten\\\/#primaryimage\"},\"image\":{\"@id\":\"https:\\\/\\\/www.pro-con-trading.de\\\/v1\\\/buersten\\\/sonderbuersten\\\/#primaryimage\"},\"thumbnailUrl\":\"http:\\\/\\\/www.pro-con-trading.de\\\/v1\\\/wp-content\\\/uploads\\\/2013\\\/11\\\/sonderanfertigungen.jpg\",\"datePublished\":\"2013-11-04T11:42:23+00:00\",\"dateModified\":\"2018-03-27T16:02:37+00:00\",\"breadcrumb\":{\"@id\":\"https:\\\/\\\/www.pro-con-trading.de\\\/v1\\\/buersten\\\/sonderbuersten\\\/#breadcrumb\"},\"inLanguage\":\"de\",\"potentialAction\":[{\"@type\":\"ReadAction\",\"target\":[\"https:\\\/\\\/www.pro-con-trading.de\\\/v1\\\/buersten\\\/sonderbuersten\\\/\"]}]},{\"@type\":\"ImageObject\",\"inLanguage\":\"de\",\"@id\":\"https:\\\/\\\/www.pro-con-trading.de\\\/v1\\\/buersten\\\/sonderbuersten\\\/#primaryimage\",\"url\":\"http:\\\/\\\/www.pro-con-trading.de\\\/v1\\\/wp-content\\\/uploads\\\/2013\\\/11\\\/sonderanfertigungen.jpg\",\"contentUrl\":\"http:\\\/\\\/www.pro-con-trading.de\\\/v1\\\/wp-content\\\/uploads\\\/2013\\\/11\\\/sonderanfertigungen.jpg\"},{\"@type\":\"BreadcrumbList\",\"@id\":\"https:\\\/\\\/www.pro-con-trading.de\\\/v1\\\/buersten\\\/sonderbuersten\\\/#breadcrumb\",\"itemListElement\":[{\"@type\":\"ListItem\",\"position\":1,\"name\":\"Startseite\",\"item\":\"https:\\\/\\\/www.pro-con-trading.de\\\/v1\\\/\"},{\"@type\":\"ListItem\",\"position\":2,\"name\":\"B\u00fcrsten\",\"item\":\"https:\\\/\\\/www.pro-con-trading.de\\\/v1\\\/buersten\\\/\"},{\"@type\":\"ListItem\",\"position\":3,\"name\":\"Sonderb\u00fcrsten\"}]},{\"@type\":\"WebSite\",\"@id\":\"https:\\\/\\\/www.pro-con-trading.de\\\/v1\\\/#website\",\"url\":\"https:\\\/\\\/www.pro-con-trading.de\\\/v1\\\/\",\"name\":\"Pro-Con GmbH\",\"description\":\"Trading Conceptions\",\"potentialAction\":[{\"@type\":\"SearchAction\",\"target\":{\"@type\":\"EntryPoint\",\"urlTemplate\":\"https:\\\/\\\/www.pro-con-trading.de\\\/v1\\\/?s={search_term_string}\"},\"query-input\":{\"@type\":\"PropertyValueSpecification\",\"valueRequired\":true,\"valueName\":\"search_term_string\"}}],\"inLanguage\":\"de\"}]}<\/script>\n<!-- \/ Yoast SEO plugin. -->","yoast_head_json":{"title":"Sonderb\u00fcrsten - Pro-Con GmbH","robots":{"index":"index","follow":"follow","max-snippet":"max-snippet:-1","max-image-preview":"max-image-preview:large","max-video-preview":"max-video-preview:-1"},"canonical":"https:\/\/www.pro-con-trading.de\/v1\/buersten\/sonderbuersten\/","og_locale":"de_DE","og_type":"article","og_title":"Sonderb\u00fcrsten - Pro-Con GmbH","og_url":"https:\/\/www.pro-con-trading.de\/v1\/buersten\/sonderbuersten\/","og_site_name":"Pro-Con GmbH","article_modified_time":"2018-03-27T16:02:37+00:00","og_image":[{"url":"http:\/\/www.pro-con-trading.de\/v1\/wp-content\/uploads\/2013\/11\/sonderanfertigungen.jpg","type":"","width":"","height":""}],"twitter_card":"summary_large_image","twitter_misc":{"Gesch\u00e4tzte Lesezeit":"1\u00a0Minute"},"schema":{"@context":"https:\/\/schema.org","@graph":[{"@type":"WebPage","@id":"https:\/\/www.pro-con-trading.de\/v1\/buersten\/sonderbuersten\/","url":"https:\/\/www.pro-con-trading.de\/v1\/buersten\/sonderbuersten\/","name":"Sonderb\u00fcrsten - Pro-Con GmbH","isPartOf":{"@id":"https:\/\/www.pro-con-trading.de\/v1\/#website"},"primaryImageOfPage":{"@id":"https:\/\/www.pro-con-trading.de\/v1\/buersten\/sonderbuersten\/#primaryimage"},"image":{"@id":"https:\/\/www.pro-con-trading.de\/v1\/buersten\/sonderbuersten\/#primaryimage"},"thumbnailUrl":"http:\/\/www.pro-con-trading.de\/v1\/wp-content\/uploads\/2013\/11\/sonderanfertigungen.jpg","datePublished":"2013-11-04T11:42:23+00:00","dateModified":"2018-03-27T16:02:37+00:00","breadcrumb":{"@id":"https:\/\/www.pro-con-trading.de\/v1\/buersten\/sonderbuersten\/#breadcrumb"},"inLanguage":"de","potentialAction":[{"@type":"ReadAction","target":["https:\/\/www.pro-con-trading.de\/v1\/buersten\/sonderbuersten\/"]}]},{"@type":"ImageObject","inLanguage":"de","@id":"https:\/\/www.pro-con-trading.de\/v1\/buersten\/sonderbuersten\/#primaryimage","url":"http:\/\/www.pro-con-trading.de\/v1\/wp-content\/uploads\/2013\/11\/sonderanfertigungen.jpg","contentUrl":"http:\/\/www.pro-con-trading.de\/v1\/wp-content\/uploads\/2013\/11\/sonderanfertigungen.jpg"},{"@type":"BreadcrumbList","@id":"https:\/\/www.pro-con-trading.de\/v1\/buersten\/sonderbuersten\/#breadcrumb","itemListElement":[{"@type":"ListItem","position":1,"name":"Startseite","item":"https:\/\/www.pro-con-trading.de\/v1\/"},{"@type":"ListItem","position":2,"name":"B\u00fcrsten","item":"https:\/\/www.pro-con-trading.de\/v1\/buersten\/"},{"@type":"ListItem","position":3,"name":"Sonderb\u00fcrsten"}]},{"@type":"WebSite","@id":"https:\/\/www.pro-con-trading.de\/v1\/#website","url":"https:\/\/www.pro-con-trading.de\/v1\/","name":"Pro-Con GmbH","description":"Trading Conceptions","potentialAction":[{"@type":"SearchAction","target":{"@type":"EntryPoint","urlTemplate":"https:\/\/www.pro-con-trading.de\/v1\/?s={search_term_string}"},"query-input":{"@type":"PropertyValueSpecification","valueRequired":true,"valueName":"search_term_string"}}],"inLanguage":"de"}]}},"_links":{"self":[{"href":"https:\/\/www.pro-con-trading.de\/v1\/wp-json\/wp\/v2\/pages\/87","targetHints":{"allow":["GET"]}}],"collection":[{"href":"https:\/\/www.pro-con-trading.de\/v1\/wp-json\/wp\/v2\/pages"}],"about":[{"href":"https:\/\/www.pro-con-trading.de\/v1\/wp-json\/wp\/v2\/types\/page"}],"author":[{"embeddable":true,"href":"https:\/\/www.pro-con-trading.de\/v1\/wp-json\/wp\/v2\/users\/1"}],"replies":[{"embeddable":true,"href":"https:\/\/www.pro-con-trading.de\/v1\/wp-json\/wp\/v2\/comments?post=87"}],"version-history":[{"count":7,"href":"https:\/\/www.pro-con-trading.de\/v1\/wp-json\/wp\/v2\/pages\/87\/revisions"}],"predecessor-version":[{"id":1094,"href":"https:\/\/www.pro-con-trading.de\/v1\/wp-json\/wp\/v2\/pages\/87\/revisions\/1094"}],"up":[{"embeddable":true,"href":"https:\/\/www.pro-con-trading.de\/v1\/wp-json\/wp\/v2\/pages\/40"}],"wp:attachment":[{"href":"https:\/\/www.pro-con-trading.de\/v1\/wp-json\/wp\/v2\/media?parent=87"}],"curies":[{"name":"wp","href":"https:\/\/api.w.org\/{rel}","templated":true}]}}