{"id":85,"date":"2013-11-04T13:41:54","date_gmt":"2013-11-04T11:41:54","guid":{"rendered":"http:\/\/www.pro-con-trading.de\/v1\/?page_id=85"},"modified":"2018-03-27T18:22:12","modified_gmt":"2018-03-27T16:22:12","slug":"kopfbuersten","status":"publish","type":"page","link":"https:\/\/www.pro-con-trading.de\/v1\/buersten\/kopfbuersten\/","title":{"rendered":"Kopfb\u00fcrsten"},"content":{"rendered":"<p><div class=\"fusion-fullwidth fullwidth-box fusion-builder-row-1 nonhundred-percent-fullwidth non-hundred-percent-height-scrolling\" style=\"--awb-border-radius-top-left:0px;--awb-border-radius-top-right:0px;--awb-border-radius-bottom-right:0px;--awb-border-radius-bottom-left:0px;--awb-flex-wrap:wrap;\" ><div class=\"fusion-builder-row fusion-row\"><div class=\"fusion-layout-column fusion_builder_column fusion-builder-column-0 fusion_builder_column_1_1 1_1 fusion-one-full fusion-column-first fusion-column-last\" style=\"--awb-bg-size:cover;--awb-margin-bottom:0px;\"><div class=\"fusion-column-wrapper fusion-flex-column-wrapper-legacy\"><div class=\"fusion-text fusion-text-1\"><h1 style=\"text-align: center;\">Kopfb\u00fcrsten<\/h1>\n<\/div><div class=\"fusion-text fusion-text-2\"><p><img decoding=\"async\" class=\"alignright size-full wp-image-219\" src=\"http:\/\/www.pro-con-trading.de\/v1\/wp-content\/uploads\/2013\/11\/kopfbuersten.jpg\" alt=\"kopfbuersten\" width=\"200\" height=\"140\" \/>Diese SpeziaIb\u00fcrsten werden nach Kundenvorgaben gefertigt, wir ben\u00f6tigen K\u00f6rperma\u00dfe und die Besatzanordnung, am besten eine Skizze, um Ihnen ein Angebot zu machen.<\/p>\n<p>Das Anfrageformular f\u00fcr Kopfb\u00fcrsten finden Sie <strong><a title=\"AnfrageKopfb\u00fcrste2.pdf\" href=\"http:\/\/www.pro-con-trading.de\/v1\/download\/AnfrageKopfb\u00fcrste2.pdf\" target=\"_blank\" rel=\"noopener\">hier<\/a><\/strong>.<\/p>\n<\/div><div class=\"fusion-clearfix\"><\/div><\/div><\/div><\/div><\/div><div class=\"fusion-fullwidth fullwidth-box fusion-builder-row-2 nonhundred-percent-fullwidth non-hundred-percent-height-scrolling\" style=\"--awb-border-radius-top-left:0px;--awb-border-radius-top-right:0px;--awb-border-radius-bottom-right:0px;--awb-border-radius-bottom-left:0px;--awb-flex-wrap:wrap;\" ><div class=\"fusion-builder-row fusion-row\"><div class=\"fusion-layout-column fusion_builder_column fusion-builder-column-1 fusion_builder_column_1_1 1_1 fusion-one-full fusion-column-first fusion-column-last\" style=\"--awb-bg-size:cover;--awb-margin-bottom:0px;\"><div class=\"fusion-column-wrapper fusion-flex-column-wrapper-legacy\"><div class=\"fusion-clearfix\"><\/div><\/div><\/div><\/div><\/div><\/p>\n","protected":false},"excerpt":{"rendered":"","protected":false},"author":1,"featured_media":0,"parent":40,"menu_order":0,"comment_status":"open","ping_status":"open","template":"","meta":{"footnotes":""},"class_list":["post-85","page","type-page","status-publish","hentry"],"yoast_head":"<!-- This site is optimized with the Yoast SEO plugin v27.5 - https:\/\/yoast.com\/product\/yoast-seo-wordpress\/ -->\n<title>Kopfb\u00fcrsten - Pro-Con GmbH<\/title>\n<meta name=\"robots\" content=\"index, follow, max-snippet:-1, max-image-preview:large, max-video-preview:-1\" \/>\n<link rel=\"canonical\" href=\"https:\/\/www.pro-con-trading.de\/v1\/buersten\/kopfbuersten\/\" \/>\n<meta property=\"og:locale\" content=\"de_DE\" \/>\n<meta property=\"og:type\" content=\"article\" \/>\n<meta property=\"og:title\" content=\"Kopfb\u00fcrsten - Pro-Con GmbH\" \/>\n<meta property=\"og:url\" content=\"https:\/\/www.pro-con-trading.de\/v1\/buersten\/kopfbuersten\/\" \/>\n<meta property=\"og:site_name\" content=\"Pro-Con GmbH\" \/>\n<meta property=\"article:modified_time\" content=\"2018-03-27T16:22:12+00:00\" \/>\n<meta property=\"og:image\" content=\"http:\/\/www.pro-con-trading.de\/v1\/wp-content\/uploads\/2013\/11\/kopfbuersten.jpg\" \/>\n<meta name=\"twitter:card\" content=\"summary_large_image\" \/>\n<meta name=\"twitter:label1\" content=\"Gesch\u00e4tzte Lesezeit\" \/>\n\t<meta name=\"twitter:data1\" content=\"2\u00a0Minuten\" \/>\n<script type=\"application\/ld+json\" class=\"yoast-schema-graph\">{\"@context\":\"https:\\\/\\\/schema.org\",\"@graph\":[{\"@type\":\"WebPage\",\"@id\":\"https:\\\/\\\/www.pro-con-trading.de\\\/v1\\\/buersten\\\/kopfbuersten\\\/\",\"url\":\"https:\\\/\\\/www.pro-con-trading.de\\\/v1\\\/buersten\\\/kopfbuersten\\\/\",\"name\":\"Kopfb\u00fcrsten - Pro-Con GmbH\",\"isPartOf\":{\"@id\":\"https:\\\/\\\/www.pro-con-trading.de\\\/v1\\\/#website\"},\"primaryImageOfPage\":{\"@id\":\"https:\\\/\\\/www.pro-con-trading.de\\\/v1\\\/buersten\\\/kopfbuersten\\\/#primaryimage\"},\"image\":{\"@id\":\"https:\\\/\\\/www.pro-con-trading.de\\\/v1\\\/buersten\\\/kopfbuersten\\\/#primaryimage\"},\"thumbnailUrl\":\"http:\\\/\\\/www.pro-con-trading.de\\\/v1\\\/wp-content\\\/uploads\\\/2013\\\/11\\\/kopfbuersten.jpg\",\"datePublished\":\"2013-11-04T11:41:54+00:00\",\"dateModified\":\"2018-03-27T16:22:12+00:00\",\"breadcrumb\":{\"@id\":\"https:\\\/\\\/www.pro-con-trading.de\\\/v1\\\/buersten\\\/kopfbuersten\\\/#breadcrumb\"},\"inLanguage\":\"de\",\"potentialAction\":[{\"@type\":\"ReadAction\",\"target\":[\"https:\\\/\\\/www.pro-con-trading.de\\\/v1\\\/buersten\\\/kopfbuersten\\\/\"]}]},{\"@type\":\"ImageObject\",\"inLanguage\":\"de\",\"@id\":\"https:\\\/\\\/www.pro-con-trading.de\\\/v1\\\/buersten\\\/kopfbuersten\\\/#primaryimage\",\"url\":\"http:\\\/\\\/www.pro-con-trading.de\\\/v1\\\/wp-content\\\/uploads\\\/2013\\\/11\\\/kopfbuersten.jpg\",\"contentUrl\":\"http:\\\/\\\/www.pro-con-trading.de\\\/v1\\\/wp-content\\\/uploads\\\/2013\\\/11\\\/kopfbuersten.jpg\"},{\"@type\":\"BreadcrumbList\",\"@id\":\"https:\\\/\\\/www.pro-con-trading.de\\\/v1\\\/buersten\\\/kopfbuersten\\\/#breadcrumb\",\"itemListElement\":[{\"@type\":\"ListItem\",\"position\":1,\"name\":\"Startseite\",\"item\":\"https:\\\/\\\/www.pro-con-trading.de\\\/v1\\\/\"},{\"@type\":\"ListItem\",\"position\":2,\"name\":\"B\u00fcrsten\",\"item\":\"https:\\\/\\\/www.pro-con-trading.de\\\/v1\\\/buersten\\\/\"},{\"@type\":\"ListItem\",\"position\":3,\"name\":\"Kopfb\u00fcrsten\"}]},{\"@type\":\"WebSite\",\"@id\":\"https:\\\/\\\/www.pro-con-trading.de\\\/v1\\\/#website\",\"url\":\"https:\\\/\\\/www.pro-con-trading.de\\\/v1\\\/\",\"name\":\"Pro-Con GmbH\",\"description\":\"Trading Conceptions\",\"potentialAction\":[{\"@type\":\"SearchAction\",\"target\":{\"@type\":\"EntryPoint\",\"urlTemplate\":\"https:\\\/\\\/www.pro-con-trading.de\\\/v1\\\/?s={search_term_string}\"},\"query-input\":{\"@type\":\"PropertyValueSpecification\",\"valueRequired\":true,\"valueName\":\"search_term_string\"}}],\"inLanguage\":\"de\"}]}<\/script>\n<!-- \/ Yoast SEO plugin. -->","yoast_head_json":{"title":"Kopfb\u00fcrsten - Pro-Con GmbH","robots":{"index":"index","follow":"follow","max-snippet":"max-snippet:-1","max-image-preview":"max-image-preview:large","max-video-preview":"max-video-preview:-1"},"canonical":"https:\/\/www.pro-con-trading.de\/v1\/buersten\/kopfbuersten\/","og_locale":"de_DE","og_type":"article","og_title":"Kopfb\u00fcrsten - Pro-Con GmbH","og_url":"https:\/\/www.pro-con-trading.de\/v1\/buersten\/kopfbuersten\/","og_site_name":"Pro-Con GmbH","article_modified_time":"2018-03-27T16:22:12+00:00","og_image":[{"url":"http:\/\/www.pro-con-trading.de\/v1\/wp-content\/uploads\/2013\/11\/kopfbuersten.jpg","type":"","width":"","height":""}],"twitter_card":"summary_large_image","twitter_misc":{"Gesch\u00e4tzte Lesezeit":"2\u00a0Minuten"},"schema":{"@context":"https:\/\/schema.org","@graph":[{"@type":"WebPage","@id":"https:\/\/www.pro-con-trading.de\/v1\/buersten\/kopfbuersten\/","url":"https:\/\/www.pro-con-trading.de\/v1\/buersten\/kopfbuersten\/","name":"Kopfb\u00fcrsten - Pro-Con GmbH","isPartOf":{"@id":"https:\/\/www.pro-con-trading.de\/v1\/#website"},"primaryImageOfPage":{"@id":"https:\/\/www.pro-con-trading.de\/v1\/buersten\/kopfbuersten\/#primaryimage"},"image":{"@id":"https:\/\/www.pro-con-trading.de\/v1\/buersten\/kopfbuersten\/#primaryimage"},"thumbnailUrl":"http:\/\/www.pro-con-trading.de\/v1\/wp-content\/uploads\/2013\/11\/kopfbuersten.jpg","datePublished":"2013-11-04T11:41:54+00:00","dateModified":"2018-03-27T16:22:12+00:00","breadcrumb":{"@id":"https:\/\/www.pro-con-trading.de\/v1\/buersten\/kopfbuersten\/#breadcrumb"},"inLanguage":"de","potentialAction":[{"@type":"ReadAction","target":["https:\/\/www.pro-con-trading.de\/v1\/buersten\/kopfbuersten\/"]}]},{"@type":"ImageObject","inLanguage":"de","@id":"https:\/\/www.pro-con-trading.de\/v1\/buersten\/kopfbuersten\/#primaryimage","url":"http:\/\/www.pro-con-trading.de\/v1\/wp-content\/uploads\/2013\/11\/kopfbuersten.jpg","contentUrl":"http:\/\/www.pro-con-trading.de\/v1\/wp-content\/uploads\/2013\/11\/kopfbuersten.jpg"},{"@type":"BreadcrumbList","@id":"https:\/\/www.pro-con-trading.de\/v1\/buersten\/kopfbuersten\/#breadcrumb","itemListElement":[{"@type":"ListItem","position":1,"name":"Startseite","item":"https:\/\/www.pro-con-trading.de\/v1\/"},{"@type":"ListItem","position":2,"name":"B\u00fcrsten","item":"https:\/\/www.pro-con-trading.de\/v1\/buersten\/"},{"@type":"ListItem","position":3,"name":"Kopfb\u00fcrsten"}]},{"@type":"WebSite","@id":"https:\/\/www.pro-con-trading.de\/v1\/#website","url":"https:\/\/www.pro-con-trading.de\/v1\/","name":"Pro-Con GmbH","description":"Trading Conceptions","potentialAction":[{"@type":"SearchAction","target":{"@type":"EntryPoint","urlTemplate":"https:\/\/www.pro-con-trading.de\/v1\/?s={search_term_string}"},"query-input":{"@type":"PropertyValueSpecification","valueRequired":true,"valueName":"search_term_string"}}],"inLanguage":"de"}]}},"_links":{"self":[{"href":"https:\/\/www.pro-con-trading.de\/v1\/wp-json\/wp\/v2\/pages\/85","targetHints":{"allow":["GET"]}}],"collection":[{"href":"https:\/\/www.pro-con-trading.de\/v1\/wp-json\/wp\/v2\/pages"}],"about":[{"href":"https:\/\/www.pro-con-trading.de\/v1\/wp-json\/wp\/v2\/types\/page"}],"author":[{"embeddable":true,"href":"https:\/\/www.pro-con-trading.de\/v1\/wp-json\/wp\/v2\/users\/1"}],"replies":[{"embeddable":true,"href":"https:\/\/www.pro-con-trading.de\/v1\/wp-json\/wp\/v2\/comments?post=85"}],"version-history":[{"count":4,"href":"https:\/\/www.pro-con-trading.de\/v1\/wp-json\/wp\/v2\/pages\/85\/revisions"}],"predecessor-version":[{"id":1107,"href":"https:\/\/www.pro-con-trading.de\/v1\/wp-json\/wp\/v2\/pages\/85\/revisions\/1107"}],"up":[{"embeddable":true,"href":"https:\/\/www.pro-con-trading.de\/v1\/wp-json\/wp\/v2\/pages\/40"}],"wp:attachment":[{"href":"https:\/\/www.pro-con-trading.de\/v1\/wp-json\/wp\/v2\/media?parent=85"}],"curies":[{"name":"wp","href":"https:\/\/api.w.org\/{rel}","templated":true}]}}