{"id":310,"date":"2013-11-06T17:50:40","date_gmt":"2013-11-06T15:50:40","guid":{"rendered":"http:\/\/www.pro-con-trading.de\/v1\/?page_id=310"},"modified":"2017-08-15T23:10:10","modified_gmt":"2017-08-15T21:10:10","slug":"anpassen-der-kettenlaenge","status":"publish","type":"page","link":"https:\/\/www.pro-con-trading.de\/v1\/ketten\/ratschlaege-fuer-die-praxis\/anpassen-der-kettenlaenge\/","title":{"rendered":"Anpassen der Kettenl\u00e4nge"},"content":{"rendered":"<p align=\"JUSTIFY\">Sofern eine Anlage keine Verstellm\u00f6glichkeit f\u00fcr den Achsabstand oder den Durchhang im Lostrumm bietet, ist die anf\u00e4ngliche Kettenl\u00e4nge oder eine Kettenk\u00fcrzung nach normalem Verschlei\u00df entsprechend den nachfolgenden Modalit\u00e4ten auszuf\u00fchren:<\/p>\n<p align=\"JUSTIFY\"><strong>VORHANDENE KETTE MIT GERADER GLIEDERZAHL (incl. Verschlu\u00dfglied)<\/strong><\/p>\n<p align=\"JUSTIFY\">K\u00fcrzen um ein Glied:<a href=\"http:\/\/www.pro-con-trading.de\/v1\/wp-content\/uploads\/2013\/11\/ketten_anpassen_01_trans.png\"><img decoding=\"async\" class=\"alignright size-medium wp-image-316\" alt=\"Kettenanpassung (1)\" src=\"http:\/\/www.pro-con-trading.de\/v1\/wp-content\/uploads\/2013\/11\/ketten_anpassen_01_trans-300x177.png\" width=\"300\" height=\"177\" srcset=\"https:\/\/www.pro-con-trading.de\/v1\/wp-content\/uploads\/2013\/11\/ketten_anpassen_01_trans-300x177.png 300w, https:\/\/www.pro-con-trading.de\/v1\/wp-content\/uploads\/2013\/11\/ketten_anpassen_01_trans.png 550w\" sizes=\"(max-width: 300px) 100vw, 300px\" \/><\/a><\/p>\n<ul class=\"bullet-6\">\n<li>Bei Teilung 25,4 mm einschlie\u00dflich (1 Zoll).\n<ul>\n<li>4 Glieder, also 2 Au\u00dfen- und 2 Innenglieder an einem Ende entfernen durch \u201c\u00d6ffnen\u201d der Kette<\/li>\n<li>Am Au\u00dfenglied A (vernietete Bolzen\u00fcberst\u00e4nde auf einer Kettenseite abschleifen), (Abb. a).<\/li>\n<li>Dann 1 gekr\u00f6pftes Doppelglied \u00fcber 1 Federclip-Verschlu\u00df (N\u00b0 206) oder 1 Nietglied (N\u00b0 205) an Kette anbauen (Abb. b).<\/li>\n<\/ul>\n<\/li>\n<li>Bei Teilung 31,75 mm und gr\u00f6\u00dfer (1\/4 Zoll und gr\u00f6\u00dfer)<a href=\"http:\/\/www.pro-con-trading.de\/v1\/wp-content\/uploads\/2013\/11\/ketten_anpassen_02_trans.png\"><img decoding=\"async\" class=\"alignright size-medium wp-image-317\" alt=\"Kettenanpassung (2)\" src=\"http:\/\/www.pro-con-trading.de\/v1\/wp-content\/uploads\/2013\/11\/ketten_anpassen_02_trans-300x159.png\" width=\"300\" height=\"159\" srcset=\"https:\/\/www.pro-con-trading.de\/v1\/wp-content\/uploads\/2013\/11\/ketten_anpassen_02_trans-300x159.png 300w, https:\/\/www.pro-con-trading.de\/v1\/wp-content\/uploads\/2013\/11\/ketten_anpassen_02_trans.png 563w\" sizes=\"(max-width: 300px) 100vw, 300px\" \/><\/a>\n<ul class=\"bullet-6\">\n<li>an einem Kettende 2 Glieder, also 1 Au\u00dfen- und 1 Innenglied entfernen durch \u201c\u00d6ffnen\u201d der Kette am Au\u00dfenglied A (vernietete Bolzen\u00fcberst\u00e4nde auf einer Kettenseite abschleifen), (Abb. c).<\/li>\n<li>Abschlie\u00dfend 1 gekr\u00f6pftes Verschlussglied No. 217 montieren (Abb. d).<\/li>\n<\/ul>\n<\/li>\n<\/ul>\n<p>&nbsp;<\/p>\n<p>K\u00fcrzen um 2 Glieder (gilt f\u00fcr alle Kettentypen):<a href=\"http:\/\/www.pro-con-trading.de\/v1\/wp-content\/uploads\/2013\/11\/ketten_anpassen_03_trans.png\"><img decoding=\"async\" class=\"alignright size-medium wp-image-318\" alt=\"Kettenanpassung (3)\" src=\"http:\/\/www.pro-con-trading.de\/v1\/wp-content\/uploads\/2013\/11\/ketten_anpassen_03_trans-300x115.png\" width=\"300\" height=\"115\" srcset=\"https:\/\/www.pro-con-trading.de\/v1\/wp-content\/uploads\/2013\/11\/ketten_anpassen_03_trans-300x115.png 300w, https:\/\/www.pro-con-trading.de\/v1\/wp-content\/uploads\/2013\/11\/ketten_anpassen_03_trans.png 510w\" sizes=\"(max-width: 300px) 100vw, 300px\" \/><\/a><\/p>\n<ul class=\"bullet-6\">\n<li>2 Glieder, also 1 Au\u00dfen- und 1 Innenglied an einem Ende entfernen durch \u201c\u00d6ffnen\u201d der Kette am Au\u00dfenglied A (vernietete Bolzen\u00fcberst\u00e4nde auf einer Kettenseite abschleifen), (Abb. e).<\/li>\n<\/ul>\n<p align=\"JUSTIFY\"><strong><br \/>\nKETTEN MIT UNGERADER GLIEDERZAHL<\/strong><\/p>\n<p align=\"JUSTIFY\">K\u00fcrzen um ein Glied:<a href=\"http:\/\/www.pro-con-trading.de\/v1\/wp-content\/uploads\/2013\/11\/ketten_anpassen_04_trans.png\"><img decoding=\"async\" class=\"alignright size-medium wp-image-319\" alt=\"Kettenanpassung (4)\" src=\"http:\/\/www.pro-con-trading.de\/v1\/wp-content\/uploads\/2013\/11\/ketten_anpassen_04_trans-300x89.png\" width=\"300\" height=\"89\" srcset=\"https:\/\/www.pro-con-trading.de\/v1\/wp-content\/uploads\/2013\/11\/ketten_anpassen_04_trans-300x89.png 300w, https:\/\/www.pro-con-trading.de\/v1\/wp-content\/uploads\/2013\/11\/ketten_anpassen_04_trans.png 549w\" sizes=\"(max-width: 300px) 100vw, 300px\" \/><\/a><\/p>\n<ul class=\"bullet-6\">\n<li>\n<p align=\"JUSTIFY\">Bis Teilung 25,4 mm einschlie\u00dflich (1 Zoll). Das gekr\u00f6pfte Glied am Kettenende wird entfernt (Abb. f).<\/p>\n<\/li>\n<\/ul>\n<ul class=\"bullet-6\">\n<li>\n<p align=\"JUSTIFY\">Bei Teilung 31,75 mm und gr\u00f6\u00dfer (1\/4 Zoll und gr\u00f6\u00dfer)<\/p>\n<\/li>\n<\/ul>\n<ul class=\"bullet-6\">\n<li>\n<p align=\"JUSTIFY\">Die Kette endet mit einem gekr\u00f6pften Glied welches gleichzeitig Verschlu\u00dfglied ist ; Nietbolzen l\u00f6sen, gekr\u00f6pftes Glied entfernen und gerades Verschlu\u00dfglied N\u00b0 208, besser N\u00b0 209 (mit Mutter) einsetzen.<\/p>\n<\/li>\n<\/ul>\n<p align=\"JUSTIFY\">K\u00fcrzen um 2 Glieder (gilt f\u00fcr alle Ketten):<\/p>\n<ul class=\"bullet-6\">\n<li><a href=\"http:\/\/www.pro-con-trading.de\/v1\/wp-content\/uploads\/2013\/11\/ketten_anpassen_05_trans.png\"><img decoding=\"async\" class=\"alignright size-medium wp-image-320\" alt=\"Kettenanpassung (5)\" src=\"http:\/\/www.pro-con-trading.de\/v1\/wp-content\/uploads\/2013\/11\/ketten_anpassen_05_trans-300x98.png\" width=\"300\" height=\"98\" srcset=\"https:\/\/www.pro-con-trading.de\/v1\/wp-content\/uploads\/2013\/11\/ketten_anpassen_05_trans-300x98.png 300w, https:\/\/www.pro-con-trading.de\/v1\/wp-content\/uploads\/2013\/11\/ketten_anpassen_05_trans.png 550w\" sizes=\"(max-width: 300px) 100vw, 300px\" \/><\/a>2 Glieder, also 1 Au\u00dfen- und 1 Innenglied an einem Kettenende entfernen durch \u201c\u00d6ffnen\u201d der Kette am Au\u00dfenglied A (vernietete Bolzen\u00fcberst\u00e4nde auf einer Kettenseite abschleifen), (Abb. h). Ein Kettenende endet mit gekr\u00f6pftem Glied &#8211; K\u00fcrzen Sie um 2 Glieder am gegen\u00fcberliegenden Kettenende.<\/li>\n<\/ul>\n","protected":false},"excerpt":{"rendered":"<p>Sofern eine Anlage keine Verstellm\u00f6glichkeit f\u00fcr den Achsabstand oder den  [&#8230;]<\/p>\n","protected":false},"author":1,"featured_media":0,"parent":124,"menu_order":0,"comment_status":"open","ping_status":"open","template":"","meta":{"footnotes":""},"class_list":["post-310","page","type-page","status-publish","hentry"],"yoast_head":"<!-- This site is optimized with the Yoast SEO plugin v27.4 - https:\/\/yoast.com\/product\/yoast-seo-wordpress\/ -->\n<title>Anpassen der Kettenl\u00e4nge - Pro-Con GmbH<\/title>\n<meta name=\"robots\" content=\"index, follow, max-snippet:-1, max-image-preview:large, max-video-preview:-1\" \/>\n<link rel=\"canonical\" href=\"https:\/\/www.pro-con-trading.de\/v1\/ketten\/ratschlaege-fuer-die-praxis\/anpassen-der-kettenlaenge\/\" \/>\n<meta property=\"og:locale\" content=\"de_DE\" \/>\n<meta property=\"og:type\" content=\"article\" \/>\n<meta property=\"og:title\" content=\"Anpassen der Kettenl\u00e4nge - Pro-Con GmbH\" \/>\n<meta property=\"og:description\" content=\"Sofern eine Anlage keine Verstellm\u00f6glichkeit f\u00fcr den Achsabstand oder den [...]\" \/>\n<meta property=\"og:url\" content=\"https:\/\/www.pro-con-trading.de\/v1\/ketten\/ratschlaege-fuer-die-praxis\/anpassen-der-kettenlaenge\/\" \/>\n<meta property=\"og:site_name\" content=\"Pro-Con GmbH\" \/>\n<meta property=\"article:modified_time\" content=\"2017-08-15T21:10:10+00:00\" \/>\n<meta property=\"og:image\" content=\"http:\/\/www.pro-con-trading.de\/v1\/wp-content\/uploads\/2013\/11\/ketten_anpassen_01_trans-300x177.png\" \/>\n<meta name=\"twitter:card\" content=\"summary_large_image\" \/>\n<meta name=\"twitter:label1\" content=\"Gesch\u00e4tzte Lesezeit\" \/>\n\t<meta name=\"twitter:data1\" content=\"2\u00a0Minuten\" \/>\n<script type=\"application\/ld+json\" class=\"yoast-schema-graph\">{\"@context\":\"https:\\\/\\\/schema.org\",\"@graph\":[{\"@type\":\"WebPage\",\"@id\":\"https:\\\/\\\/www.pro-con-trading.de\\\/v1\\\/ketten\\\/ratschlaege-fuer-die-praxis\\\/anpassen-der-kettenlaenge\\\/\",\"url\":\"https:\\\/\\\/www.pro-con-trading.de\\\/v1\\\/ketten\\\/ratschlaege-fuer-die-praxis\\\/anpassen-der-kettenlaenge\\\/\",\"name\":\"Anpassen der Kettenl\u00e4nge - Pro-Con GmbH\",\"isPartOf\":{\"@id\":\"https:\\\/\\\/www.pro-con-trading.de\\\/v1\\\/#website\"},\"primaryImageOfPage\":{\"@id\":\"https:\\\/\\\/www.pro-con-trading.de\\\/v1\\\/ketten\\\/ratschlaege-fuer-die-praxis\\\/anpassen-der-kettenlaenge\\\/#primaryimage\"},\"image\":{\"@id\":\"https:\\\/\\\/www.pro-con-trading.de\\\/v1\\\/ketten\\\/ratschlaege-fuer-die-praxis\\\/anpassen-der-kettenlaenge\\\/#primaryimage\"},\"thumbnailUrl\":\"http:\\\/\\\/www.pro-con-trading.de\\\/v1\\\/wp-content\\\/uploads\\\/2013\\\/11\\\/ketten_anpassen_01_trans-300x177.png\",\"datePublished\":\"2013-11-06T15:50:40+00:00\",\"dateModified\":\"2017-08-15T21:10:10+00:00\",\"breadcrumb\":{\"@id\":\"https:\\\/\\\/www.pro-con-trading.de\\\/v1\\\/ketten\\\/ratschlaege-fuer-die-praxis\\\/anpassen-der-kettenlaenge\\\/#breadcrumb\"},\"inLanguage\":\"de\",\"potentialAction\":[{\"@type\":\"ReadAction\",\"target\":[\"https:\\\/\\\/www.pro-con-trading.de\\\/v1\\\/ketten\\\/ratschlaege-fuer-die-praxis\\\/anpassen-der-kettenlaenge\\\/\"]}]},{\"@type\":\"ImageObject\",\"inLanguage\":\"de\",\"@id\":\"https:\\\/\\\/www.pro-con-trading.de\\\/v1\\\/ketten\\\/ratschlaege-fuer-die-praxis\\\/anpassen-der-kettenlaenge\\\/#primaryimage\",\"url\":\"http:\\\/\\\/www.pro-con-trading.de\\\/v1\\\/wp-content\\\/uploads\\\/2013\\\/11\\\/ketten_anpassen_01_trans-300x177.png\",\"contentUrl\":\"http:\\\/\\\/www.pro-con-trading.de\\\/v1\\\/wp-content\\\/uploads\\\/2013\\\/11\\\/ketten_anpassen_01_trans-300x177.png\"},{\"@type\":\"BreadcrumbList\",\"@id\":\"https:\\\/\\\/www.pro-con-trading.de\\\/v1\\\/ketten\\\/ratschlaege-fuer-die-praxis\\\/anpassen-der-kettenlaenge\\\/#breadcrumb\",\"itemListElement\":[{\"@type\":\"ListItem\",\"position\":1,\"name\":\"Startseite\",\"item\":\"https:\\\/\\\/www.pro-con-trading.de\\\/v1\\\/\"},{\"@type\":\"ListItem\",\"position\":2,\"name\":\"Ketten\",\"item\":\"https:\\\/\\\/www.pro-con-trading.de\\\/v1\\\/ketten\\\/\"},{\"@type\":\"ListItem\",\"position\":3,\"name\":\"Ratschl\u00e4ge f\u00fcr die Praxis\",\"item\":\"https:\\\/\\\/www.pro-con-trading.de\\\/v1\\\/ketten\\\/ratschlaege-fuer-die-praxis\\\/\"},{\"@type\":\"ListItem\",\"position\":4,\"name\":\"Anpassen der Kettenl\u00e4nge\"}]},{\"@type\":\"WebSite\",\"@id\":\"https:\\\/\\\/www.pro-con-trading.de\\\/v1\\\/#website\",\"url\":\"https:\\\/\\\/www.pro-con-trading.de\\\/v1\\\/\",\"name\":\"Pro-Con GmbH\",\"description\":\"Trading Conceptions\",\"potentialAction\":[{\"@type\":\"SearchAction\",\"target\":{\"@type\":\"EntryPoint\",\"urlTemplate\":\"https:\\\/\\\/www.pro-con-trading.de\\\/v1\\\/?s={search_term_string}\"},\"query-input\":{\"@type\":\"PropertyValueSpecification\",\"valueRequired\":true,\"valueName\":\"search_term_string\"}}],\"inLanguage\":\"de\"}]}<\/script>\n<!-- \/ Yoast SEO plugin. -->","yoast_head_json":{"title":"Anpassen der Kettenl\u00e4nge - Pro-Con GmbH","robots":{"index":"index","follow":"follow","max-snippet":"max-snippet:-1","max-image-preview":"max-image-preview:large","max-video-preview":"max-video-preview:-1"},"canonical":"https:\/\/www.pro-con-trading.de\/v1\/ketten\/ratschlaege-fuer-die-praxis\/anpassen-der-kettenlaenge\/","og_locale":"de_DE","og_type":"article","og_title":"Anpassen der Kettenl\u00e4nge - Pro-Con GmbH","og_description":"Sofern eine Anlage keine Verstellm\u00f6glichkeit f\u00fcr den Achsabstand oder den [...]","og_url":"https:\/\/www.pro-con-trading.de\/v1\/ketten\/ratschlaege-fuer-die-praxis\/anpassen-der-kettenlaenge\/","og_site_name":"Pro-Con GmbH","article_modified_time":"2017-08-15T21:10:10+00:00","og_image":[{"url":"http:\/\/www.pro-con-trading.de\/v1\/wp-content\/uploads\/2013\/11\/ketten_anpassen_01_trans-300x177.png","type":"","width":"","height":""}],"twitter_card":"summary_large_image","twitter_misc":{"Gesch\u00e4tzte Lesezeit":"2\u00a0Minuten"},"schema":{"@context":"https:\/\/schema.org","@graph":[{"@type":"WebPage","@id":"https:\/\/www.pro-con-trading.de\/v1\/ketten\/ratschlaege-fuer-die-praxis\/anpassen-der-kettenlaenge\/","url":"https:\/\/www.pro-con-trading.de\/v1\/ketten\/ratschlaege-fuer-die-praxis\/anpassen-der-kettenlaenge\/","name":"Anpassen der Kettenl\u00e4nge - Pro-Con GmbH","isPartOf":{"@id":"https:\/\/www.pro-con-trading.de\/v1\/#website"},"primaryImageOfPage":{"@id":"https:\/\/www.pro-con-trading.de\/v1\/ketten\/ratschlaege-fuer-die-praxis\/anpassen-der-kettenlaenge\/#primaryimage"},"image":{"@id":"https:\/\/www.pro-con-trading.de\/v1\/ketten\/ratschlaege-fuer-die-praxis\/anpassen-der-kettenlaenge\/#primaryimage"},"thumbnailUrl":"http:\/\/www.pro-con-trading.de\/v1\/wp-content\/uploads\/2013\/11\/ketten_anpassen_01_trans-300x177.png","datePublished":"2013-11-06T15:50:40+00:00","dateModified":"2017-08-15T21:10:10+00:00","breadcrumb":{"@id":"https:\/\/www.pro-con-trading.de\/v1\/ketten\/ratschlaege-fuer-die-praxis\/anpassen-der-kettenlaenge\/#breadcrumb"},"inLanguage":"de","potentialAction":[{"@type":"ReadAction","target":["https:\/\/www.pro-con-trading.de\/v1\/ketten\/ratschlaege-fuer-die-praxis\/anpassen-der-kettenlaenge\/"]}]},{"@type":"ImageObject","inLanguage":"de","@id":"https:\/\/www.pro-con-trading.de\/v1\/ketten\/ratschlaege-fuer-die-praxis\/anpassen-der-kettenlaenge\/#primaryimage","url":"http:\/\/www.pro-con-trading.de\/v1\/wp-content\/uploads\/2013\/11\/ketten_anpassen_01_trans-300x177.png","contentUrl":"http:\/\/www.pro-con-trading.de\/v1\/wp-content\/uploads\/2013\/11\/ketten_anpassen_01_trans-300x177.png"},{"@type":"BreadcrumbList","@id":"https:\/\/www.pro-con-trading.de\/v1\/ketten\/ratschlaege-fuer-die-praxis\/anpassen-der-kettenlaenge\/#breadcrumb","itemListElement":[{"@type":"ListItem","position":1,"name":"Startseite","item":"https:\/\/www.pro-con-trading.de\/v1\/"},{"@type":"ListItem","position":2,"name":"Ketten","item":"https:\/\/www.pro-con-trading.de\/v1\/ketten\/"},{"@type":"ListItem","position":3,"name":"Ratschl\u00e4ge f\u00fcr die Praxis","item":"https:\/\/www.pro-con-trading.de\/v1\/ketten\/ratschlaege-fuer-die-praxis\/"},{"@type":"ListItem","position":4,"name":"Anpassen der Kettenl\u00e4nge"}]},{"@type":"WebSite","@id":"https:\/\/www.pro-con-trading.de\/v1\/#website","url":"https:\/\/www.pro-con-trading.de\/v1\/","name":"Pro-Con GmbH","description":"Trading Conceptions","potentialAction":[{"@type":"SearchAction","target":{"@type":"EntryPoint","urlTemplate":"https:\/\/www.pro-con-trading.de\/v1\/?s={search_term_string}"},"query-input":{"@type":"PropertyValueSpecification","valueRequired":true,"valueName":"search_term_string"}}],"inLanguage":"de"}]}},"_links":{"self":[{"href":"https:\/\/www.pro-con-trading.de\/v1\/wp-json\/wp\/v2\/pages\/310","targetHints":{"allow":["GET"]}}],"collection":[{"href":"https:\/\/www.pro-con-trading.de\/v1\/wp-json\/wp\/v2\/pages"}],"about":[{"href":"https:\/\/www.pro-con-trading.de\/v1\/wp-json\/wp\/v2\/types\/page"}],"author":[{"embeddable":true,"href":"https:\/\/www.pro-con-trading.de\/v1\/wp-json\/wp\/v2\/users\/1"}],"replies":[{"embeddable":true,"href":"https:\/\/www.pro-con-trading.de\/v1\/wp-json\/wp\/v2\/comments?post=310"}],"version-history":[{"count":14,"href":"https:\/\/www.pro-con-trading.de\/v1\/wp-json\/wp\/v2\/pages\/310\/revisions"}],"predecessor-version":[{"id":609,"href":"https:\/\/www.pro-con-trading.de\/v1\/wp-json\/wp\/v2\/pages\/310\/revisions\/609"}],"up":[{"embeddable":true,"href":"https:\/\/www.pro-con-trading.de\/v1\/wp-json\/wp\/v2\/pages\/124"}],"wp:attachment":[{"href":"https:\/\/www.pro-con-trading.de\/v1\/wp-json\/wp\/v2\/media?parent=310"}],"curies":[{"name":"wp","href":"https:\/\/api.w.org\/{rel}","templated":true}]}}