{"id":287,"date":"2013-11-06T17:08:36","date_gmt":"2013-11-06T15:08:36","guid":{"rendered":"http:\/\/www.pro-con-trading.de\/v1\/?page_id=287"},"modified":"2013-11-07T17:24:33","modified_gmt":"2013-11-07T15:24:33","slug":"instandhaltung","status":"publish","type":"page","link":"https:\/\/www.pro-con-trading.de\/v1\/ketten\/ratschlaege-fuer-die-praxis\/instandhaltung\/","title":{"rendered":"Instandhaltung"},"content":{"rendered":"<p align=\"JUSTIFY\">Bei einer sachgerecht ausgef\u00fchrten Anlage beschr\u00e4nkt sich die Wartung auf die \u00dcberwachung der G\u00fcte der Konzeption, der Ausf\u00fchrung und der Schmierung.<\/p>\n<p align=\"JUSTIFY\">Regelm\u00e4\u00dfige \u00dcberwachung :<\/p>\n<ul class=\"bullet-6\">\n<li>Geometrie der Anlage, insbesondere Fluchtung der Kettenr\u00e4der und Abnutzungsgrad der Verzahnung.<\/li>\n<li>Zustand der Kette, insbesondere Untersuchung auf Schleifspuren, um Abweichungen in der Geometrie der Anlage oder unvorhergesehener Ber\u00fchrungen mit Aufbauteilen zu lokalisieren und um den Umfang des Kettenverschlei\u00dfes festzustellen :<\/li>\n<li>Verschlei\u00df der Kettengelenke pr\u00fcfen, und zwar durch Nachmessen der L\u00e4nge mittels Messeinrichtung oder Verschlei\u00dflineal, durch Sch\u00e4tzung oder durch Wegnahme des Spannelementes.<\/li>\n<li>Abnutzung der Kettenlaschen bei Flyerketten.<\/li>\n<li>Abnutzung von Rollen (Lauf- und \/ oder Schonrollen).<\/li>\n<li>Unregelm\u00e4\u00dfigkeiten und ihre Quellen ermitteln und beseitigen. Falls durch \u00fcberm\u00e4\u00dfigen Verschlei\u00df (mehr als 2% der Kettenl\u00e4nge, mehr als 5% der Laschenh\u00f6he) ein Wechsel der Ketten oder Ritzel erforderlich wird, ist ein kompletter Austausch der gesamten Einheit, also Kette und Ritzel oder Rollen, zu empfehlen.<\/li>\n<\/ul>\n<p>&nbsp;<\/p>\n<div class=\"alert\">\n<div class=\"typo-icon\">\n<div class=\"inner\"><strong>ACHTUNG:<br \/>\n<\/strong>Ketten verf\u00fcgen \u00fcber hochfeste, verg\u00fctete Bauteile, die durch Wasserstoffverspr\u00f6dung bis zum Bruch beeintr\u00e4chtigt werden k\u00f6nnen. Es sind daher Einsatzbedingungen mit oxidierender und korrodierender Umgebung zu vermeiden, die Ursache f\u00fcr die Freisetzung von Wasserstoff sein k\u00f6nnen. Jegliche saure Umgebung ist unbedingt zu vermeiden. Gr\u00f6\u00dfte Vorsichtsma\u00dfnahmen sind bei Entfettung der Ketten erforderlich. Jegliche Oberfl\u00e4chenbehandlungen der montierten Kette, insbesondere elektrolytischer Art, sind auszuschlie\u00dfen.<\/div>\n<\/div>\n<\/div>\n","protected":false},"excerpt":{"rendered":"<p>Bei einer sachgerecht ausgef\u00fchrten Anlage beschr\u00e4nkt sich die Wartung auf  [&#8230;]<\/p>\n","protected":false},"author":1,"featured_media":0,"parent":124,"menu_order":0,"comment_status":"open","ping_status":"open","template":"","meta":{"footnotes":""},"class_list":["post-287","page","type-page","status-publish","hentry"],"yoast_head":"<!-- This site is optimized with the Yoast SEO plugin v27.5 - https:\/\/yoast.com\/product\/yoast-seo-wordpress\/ -->\n<title>Instandhaltung - Pro-Con GmbH<\/title>\n<meta name=\"robots\" content=\"index, follow, max-snippet:-1, max-image-preview:large, max-video-preview:-1\" \/>\n<link rel=\"canonical\" href=\"https:\/\/www.pro-con-trading.de\/v1\/ketten\/ratschlaege-fuer-die-praxis\/instandhaltung\/\" \/>\n<meta property=\"og:locale\" content=\"de_DE\" \/>\n<meta property=\"og:type\" content=\"article\" \/>\n<meta property=\"og:title\" content=\"Instandhaltung - Pro-Con GmbH\" \/>\n<meta property=\"og:description\" content=\"Bei einer sachgerecht ausgef\u00fchrten Anlage beschr\u00e4nkt sich die Wartung auf [...]\" \/>\n<meta property=\"og:url\" content=\"https:\/\/www.pro-con-trading.de\/v1\/ketten\/ratschlaege-fuer-die-praxis\/instandhaltung\/\" \/>\n<meta property=\"og:site_name\" content=\"Pro-Con GmbH\" \/>\n<meta property=\"article:modified_time\" content=\"2013-11-07T15:24:33+00:00\" \/>\n<meta name=\"twitter:card\" content=\"summary_large_image\" \/>\n<meta name=\"twitter:label1\" content=\"Gesch\u00e4tzte Lesezeit\" \/>\n\t<meta name=\"twitter:data1\" content=\"1\u00a0Minute\" \/>\n<script type=\"application\/ld+json\" class=\"yoast-schema-graph\">{\"@context\":\"https:\\\/\\\/schema.org\",\"@graph\":[{\"@type\":\"WebPage\",\"@id\":\"https:\\\/\\\/www.pro-con-trading.de\\\/v1\\\/ketten\\\/ratschlaege-fuer-die-praxis\\\/instandhaltung\\\/\",\"url\":\"https:\\\/\\\/www.pro-con-trading.de\\\/v1\\\/ketten\\\/ratschlaege-fuer-die-praxis\\\/instandhaltung\\\/\",\"name\":\"Instandhaltung - Pro-Con GmbH\",\"isPartOf\":{\"@id\":\"https:\\\/\\\/www.pro-con-trading.de\\\/v1\\\/#website\"},\"datePublished\":\"2013-11-06T15:08:36+00:00\",\"dateModified\":\"2013-11-07T15:24:33+00:00\",\"breadcrumb\":{\"@id\":\"https:\\\/\\\/www.pro-con-trading.de\\\/v1\\\/ketten\\\/ratschlaege-fuer-die-praxis\\\/instandhaltung\\\/#breadcrumb\"},\"inLanguage\":\"de\",\"potentialAction\":[{\"@type\":\"ReadAction\",\"target\":[\"https:\\\/\\\/www.pro-con-trading.de\\\/v1\\\/ketten\\\/ratschlaege-fuer-die-praxis\\\/instandhaltung\\\/\"]}]},{\"@type\":\"BreadcrumbList\",\"@id\":\"https:\\\/\\\/www.pro-con-trading.de\\\/v1\\\/ketten\\\/ratschlaege-fuer-die-praxis\\\/instandhaltung\\\/#breadcrumb\",\"itemListElement\":[{\"@type\":\"ListItem\",\"position\":1,\"name\":\"Startseite\",\"item\":\"https:\\\/\\\/www.pro-con-trading.de\\\/v1\\\/\"},{\"@type\":\"ListItem\",\"position\":2,\"name\":\"Ketten\",\"item\":\"https:\\\/\\\/www.pro-con-trading.de\\\/v1\\\/ketten\\\/\"},{\"@type\":\"ListItem\",\"position\":3,\"name\":\"Ratschl\u00e4ge f\u00fcr die Praxis\",\"item\":\"https:\\\/\\\/www.pro-con-trading.de\\\/v1\\\/ketten\\\/ratschlaege-fuer-die-praxis\\\/\"},{\"@type\":\"ListItem\",\"position\":4,\"name\":\"Instandhaltung\"}]},{\"@type\":\"WebSite\",\"@id\":\"https:\\\/\\\/www.pro-con-trading.de\\\/v1\\\/#website\",\"url\":\"https:\\\/\\\/www.pro-con-trading.de\\\/v1\\\/\",\"name\":\"Pro-Con GmbH\",\"description\":\"Trading Conceptions\",\"potentialAction\":[{\"@type\":\"SearchAction\",\"target\":{\"@type\":\"EntryPoint\",\"urlTemplate\":\"https:\\\/\\\/www.pro-con-trading.de\\\/v1\\\/?s={search_term_string}\"},\"query-input\":{\"@type\":\"PropertyValueSpecification\",\"valueRequired\":true,\"valueName\":\"search_term_string\"}}],\"inLanguage\":\"de\"}]}<\/script>\n<!-- \/ Yoast SEO plugin. -->","yoast_head_json":{"title":"Instandhaltung - Pro-Con GmbH","robots":{"index":"index","follow":"follow","max-snippet":"max-snippet:-1","max-image-preview":"max-image-preview:large","max-video-preview":"max-video-preview:-1"},"canonical":"https:\/\/www.pro-con-trading.de\/v1\/ketten\/ratschlaege-fuer-die-praxis\/instandhaltung\/","og_locale":"de_DE","og_type":"article","og_title":"Instandhaltung - Pro-Con GmbH","og_description":"Bei einer sachgerecht ausgef\u00fchrten Anlage beschr\u00e4nkt sich die Wartung auf [...]","og_url":"https:\/\/www.pro-con-trading.de\/v1\/ketten\/ratschlaege-fuer-die-praxis\/instandhaltung\/","og_site_name":"Pro-Con GmbH","article_modified_time":"2013-11-07T15:24:33+00:00","twitter_card":"summary_large_image","twitter_misc":{"Gesch\u00e4tzte Lesezeit":"1\u00a0Minute"},"schema":{"@context":"https:\/\/schema.org","@graph":[{"@type":"WebPage","@id":"https:\/\/www.pro-con-trading.de\/v1\/ketten\/ratschlaege-fuer-die-praxis\/instandhaltung\/","url":"https:\/\/www.pro-con-trading.de\/v1\/ketten\/ratschlaege-fuer-die-praxis\/instandhaltung\/","name":"Instandhaltung - Pro-Con GmbH","isPartOf":{"@id":"https:\/\/www.pro-con-trading.de\/v1\/#website"},"datePublished":"2013-11-06T15:08:36+00:00","dateModified":"2013-11-07T15:24:33+00:00","breadcrumb":{"@id":"https:\/\/www.pro-con-trading.de\/v1\/ketten\/ratschlaege-fuer-die-praxis\/instandhaltung\/#breadcrumb"},"inLanguage":"de","potentialAction":[{"@type":"ReadAction","target":["https:\/\/www.pro-con-trading.de\/v1\/ketten\/ratschlaege-fuer-die-praxis\/instandhaltung\/"]}]},{"@type":"BreadcrumbList","@id":"https:\/\/www.pro-con-trading.de\/v1\/ketten\/ratschlaege-fuer-die-praxis\/instandhaltung\/#breadcrumb","itemListElement":[{"@type":"ListItem","position":1,"name":"Startseite","item":"https:\/\/www.pro-con-trading.de\/v1\/"},{"@type":"ListItem","position":2,"name":"Ketten","item":"https:\/\/www.pro-con-trading.de\/v1\/ketten\/"},{"@type":"ListItem","position":3,"name":"Ratschl\u00e4ge f\u00fcr die Praxis","item":"https:\/\/www.pro-con-trading.de\/v1\/ketten\/ratschlaege-fuer-die-praxis\/"},{"@type":"ListItem","position":4,"name":"Instandhaltung"}]},{"@type":"WebSite","@id":"https:\/\/www.pro-con-trading.de\/v1\/#website","url":"https:\/\/www.pro-con-trading.de\/v1\/","name":"Pro-Con GmbH","description":"Trading Conceptions","potentialAction":[{"@type":"SearchAction","target":{"@type":"EntryPoint","urlTemplate":"https:\/\/www.pro-con-trading.de\/v1\/?s={search_term_string}"},"query-input":{"@type":"PropertyValueSpecification","valueRequired":true,"valueName":"search_term_string"}}],"inLanguage":"de"}]}},"_links":{"self":[{"href":"https:\/\/www.pro-con-trading.de\/v1\/wp-json\/wp\/v2\/pages\/287","targetHints":{"allow":["GET"]}}],"collection":[{"href":"https:\/\/www.pro-con-trading.de\/v1\/wp-json\/wp\/v2\/pages"}],"about":[{"href":"https:\/\/www.pro-con-trading.de\/v1\/wp-json\/wp\/v2\/types\/page"}],"author":[{"embeddable":true,"href":"https:\/\/www.pro-con-trading.de\/v1\/wp-json\/wp\/v2\/users\/1"}],"replies":[{"embeddable":true,"href":"https:\/\/www.pro-con-trading.de\/v1\/wp-json\/wp\/v2\/comments?post=287"}],"version-history":[{"count":24,"href":"https:\/\/www.pro-con-trading.de\/v1\/wp-json\/wp\/v2\/pages\/287\/revisions"}],"predecessor-version":[{"id":371,"href":"https:\/\/www.pro-con-trading.de\/v1\/wp-json\/wp\/v2\/pages\/287\/revisions\/371"}],"up":[{"embeddable":true,"href":"https:\/\/www.pro-con-trading.de\/v1\/wp-json\/wp\/v2\/pages\/124"}],"wp:attachment":[{"href":"https:\/\/www.pro-con-trading.de\/v1\/wp-json\/wp\/v2\/media?parent=287"}],"curies":[{"name":"wp","href":"https:\/\/api.w.org\/{rel}","templated":true}]}}