{"id":260,"date":"2013-11-06T16:05:32","date_gmt":"2013-11-06T14:05:32","guid":{"rendered":"http:\/\/www.pro-con-trading.de\/v1\/?page_id=260"},"modified":"2013-11-07T17:25:57","modified_gmt":"2013-11-07T15:25:57","slug":"praezision-der-anlage","status":"publish","type":"page","link":"https:\/\/www.pro-con-trading.de\/v1\/ketten\/ratschlaege-fuer-die-praxis\/praezision-der-anlage\/","title":{"rendered":"Pr\u00e4zision der Anlage"},"content":{"rendered":"<p align=\"JUSTIFY\"><strong>KETTE ALS ANTRIEBSELEMENT<\/strong><\/p>\n<ul class=\"bullet-6\">\n<li>Die Abweichung der Parallelit\u00e4t der Wellen darf maximal 40\u2019 bei einer Einfachkette und 20\u2019 bei einer Mehrfachkette betragen.<\/li>\n<li>Die Abweichung der Ausrichtung der Kettenr\u00e4der muss weniger als 0,2% des Achsabstandes betragen, die Obergrenze bei schnelllaufenden Antrieben betr\u00e4gt 0,1%. Wenn Bewegungen der Wellen in Achsrichtung nicht vermeidbar sind, m\u00fcssen die R\u00e4der in der \u201emittleren\u201c Stellung ausgerichtet werden. Ganz besonders wichtig ist eine exakte geometrische Ausrichtung beim Einsatz von Mehrfachketten, da diese eine gro\u00dfe Quersteifigkeit haben.<\/li>\n<li>Die Form und Verrundung der Verzahnung, die der Norm ISO 606 unterliegen, d\u00fcrfen nicht durch die Montage in der Anlage, z.B. durch Keilnuten, beeintr\u00e4chtigt werden. Wenn Bewegungen der Wellen in Achsrichtung nicht vermeidbar sind, m\u00fcssen die Kettenr\u00e4der zentriert werden. Ganz besonders wichtig ist eine exakte geometrische Ausrichtung beim Einsatz von Mehrfachketten, da diese eine gro\u00dfe Quersteifigkeit haben. Die gesamte Anlage muss so steif ausgebildet sein, dass durch die Kettenkraft unter Last keine Fluchtungs- und Parallelit\u00e4tsfehler erzeugt werden.<\/li>\n<li>Die Stabilit\u00e4t der gesamten Anlage<a href=\"http:\/\/www.pro-con-trading.de\/v1\/wp-content\/uploads\/2013\/11\/ketten_stabilitaet_der_anlage_trans.png\"><img decoding=\"async\" class=\"alignright size-medium wp-image-302\" alt=\"ketten_stabilitaet_der_anlage_trans\" src=\"http:\/\/www.pro-con-trading.de\/v1\/wp-content\/uploads\/2013\/11\/ketten_stabilitaet_der_anlage_trans-300x185.png\" width=\"300\" height=\"185\" srcset=\"https:\/\/www.pro-con-trading.de\/v1\/wp-content\/uploads\/2013\/11\/ketten_stabilitaet_der_anlage_trans-300x185.png 300w, https:\/\/www.pro-con-trading.de\/v1\/wp-content\/uploads\/2013\/11\/ketten_stabilitaet_der_anlage_trans.png 517w\" sizes=\"(max-width: 300px) 100vw, 300px\" \/><\/a><\/li>\n<\/ul>\n<p align=\"JUSTIFY\"><strong><br \/>\nKETTE ALS HUBELEMENT<\/strong><\/p>\n<ul class=\"bullet-6\">\n<li>Fluchtungsfehler und Parallelit\u00e4tsabweichungen der Verankerungen und Umlenkungen m\u00fcssen so schnell wie m\u00f6glich abgestellt werden.<\/li>\n<\/ul>\n<p align=\"JUSTIFY\"><strong><br \/>\nKETTEN IN F\u00d6RDERANLAGEN<\/strong><\/p>\n<ul class=\"bullet-6\">\n<li>Fluchtungsfehler der R\u00e4der: &lt;0,4 % des Achsabstandes<\/li>\n<li>Parallelit\u00e4tsfehler : &lt; 40\u2019.<\/li>\n<li>Parallel eingesetzte Ketten, welche mit festen Querstegen oder Zubeh\u00f6rteilen verbunden sind, m\u00fcssen paarig mit eingeschr\u00e4nkter L\u00e4ngentoleranz montiert werden (Bitte bei Bestellung angeben: \u201cKetten gepaart\u201c).<\/li>\n<\/ul>\n","protected":false},"excerpt":{"rendered":"<p>KETTE ALS ANTRIEBSELEMENT Die Abweichung der Parallelit\u00e4t der Wellen darf  [&#8230;]<\/p>\n","protected":false},"author":1,"featured_media":0,"parent":124,"menu_order":0,"comment_status":"open","ping_status":"open","template":"","meta":{"footnotes":""},"class_list":["post-260","page","type-page","status-publish","hentry"],"yoast_head":"<!-- This site is optimized with the Yoast SEO plugin v27.4 - https:\/\/yoast.com\/product\/yoast-seo-wordpress\/ -->\n<title>Pr\u00e4zision der Anlage - Pro-Con GmbH<\/title>\n<meta name=\"robots\" content=\"index, follow, max-snippet:-1, max-image-preview:large, max-video-preview:-1\" \/>\n<link rel=\"canonical\" href=\"https:\/\/www.pro-con-trading.de\/v1\/ketten\/ratschlaege-fuer-die-praxis\/praezision-der-anlage\/\" \/>\n<meta property=\"og:locale\" content=\"de_DE\" \/>\n<meta property=\"og:type\" content=\"article\" \/>\n<meta property=\"og:title\" content=\"Pr\u00e4zision der Anlage - Pro-Con GmbH\" \/>\n<meta property=\"og:description\" content=\"KETTE ALS ANTRIEBSELEMENT Die Abweichung der Parallelit\u00e4t der Wellen darf [...]\" \/>\n<meta property=\"og:url\" content=\"https:\/\/www.pro-con-trading.de\/v1\/ketten\/ratschlaege-fuer-die-praxis\/praezision-der-anlage\/\" \/>\n<meta property=\"og:site_name\" content=\"Pro-Con GmbH\" \/>\n<meta property=\"article:modified_time\" content=\"2013-11-07T15:25:57+00:00\" \/>\n<meta property=\"og:image\" content=\"http:\/\/www.pro-con-trading.de\/v1\/wp-content\/uploads\/2013\/11\/ketten_stabilitaet_der_anlage_trans-300x185.png\" \/>\n<meta name=\"twitter:card\" content=\"summary_large_image\" \/>\n<meta name=\"twitter:label1\" content=\"Gesch\u00e4tzte Lesezeit\" \/>\n\t<meta name=\"twitter:data1\" content=\"1\u00a0Minute\" \/>\n<script type=\"application\/ld+json\" class=\"yoast-schema-graph\">{\"@context\":\"https:\\\/\\\/schema.org\",\"@graph\":[{\"@type\":\"WebPage\",\"@id\":\"https:\\\/\\\/www.pro-con-trading.de\\\/v1\\\/ketten\\\/ratschlaege-fuer-die-praxis\\\/praezision-der-anlage\\\/\",\"url\":\"https:\\\/\\\/www.pro-con-trading.de\\\/v1\\\/ketten\\\/ratschlaege-fuer-die-praxis\\\/praezision-der-anlage\\\/\",\"name\":\"Pr\u00e4zision der Anlage - Pro-Con GmbH\",\"isPartOf\":{\"@id\":\"https:\\\/\\\/www.pro-con-trading.de\\\/v1\\\/#website\"},\"primaryImageOfPage\":{\"@id\":\"https:\\\/\\\/www.pro-con-trading.de\\\/v1\\\/ketten\\\/ratschlaege-fuer-die-praxis\\\/praezision-der-anlage\\\/#primaryimage\"},\"image\":{\"@id\":\"https:\\\/\\\/www.pro-con-trading.de\\\/v1\\\/ketten\\\/ratschlaege-fuer-die-praxis\\\/praezision-der-anlage\\\/#primaryimage\"},\"thumbnailUrl\":\"http:\\\/\\\/www.pro-con-trading.de\\\/v1\\\/wp-content\\\/uploads\\\/2013\\\/11\\\/ketten_stabilitaet_der_anlage_trans-300x185.png\",\"datePublished\":\"2013-11-06T14:05:32+00:00\",\"dateModified\":\"2013-11-07T15:25:57+00:00\",\"breadcrumb\":{\"@id\":\"https:\\\/\\\/www.pro-con-trading.de\\\/v1\\\/ketten\\\/ratschlaege-fuer-die-praxis\\\/praezision-der-anlage\\\/#breadcrumb\"},\"inLanguage\":\"de\",\"potentialAction\":[{\"@type\":\"ReadAction\",\"target\":[\"https:\\\/\\\/www.pro-con-trading.de\\\/v1\\\/ketten\\\/ratschlaege-fuer-die-praxis\\\/praezision-der-anlage\\\/\"]}]},{\"@type\":\"ImageObject\",\"inLanguage\":\"de\",\"@id\":\"https:\\\/\\\/www.pro-con-trading.de\\\/v1\\\/ketten\\\/ratschlaege-fuer-die-praxis\\\/praezision-der-anlage\\\/#primaryimage\",\"url\":\"http:\\\/\\\/www.pro-con-trading.de\\\/v1\\\/wp-content\\\/uploads\\\/2013\\\/11\\\/ketten_stabilitaet_der_anlage_trans-300x185.png\",\"contentUrl\":\"http:\\\/\\\/www.pro-con-trading.de\\\/v1\\\/wp-content\\\/uploads\\\/2013\\\/11\\\/ketten_stabilitaet_der_anlage_trans-300x185.png\"},{\"@type\":\"BreadcrumbList\",\"@id\":\"https:\\\/\\\/www.pro-con-trading.de\\\/v1\\\/ketten\\\/ratschlaege-fuer-die-praxis\\\/praezision-der-anlage\\\/#breadcrumb\",\"itemListElement\":[{\"@type\":\"ListItem\",\"position\":1,\"name\":\"Startseite\",\"item\":\"https:\\\/\\\/www.pro-con-trading.de\\\/v1\\\/\"},{\"@type\":\"ListItem\",\"position\":2,\"name\":\"Ketten\",\"item\":\"https:\\\/\\\/www.pro-con-trading.de\\\/v1\\\/ketten\\\/\"},{\"@type\":\"ListItem\",\"position\":3,\"name\":\"Ratschl\u00e4ge f\u00fcr die Praxis\",\"item\":\"https:\\\/\\\/www.pro-con-trading.de\\\/v1\\\/ketten\\\/ratschlaege-fuer-die-praxis\\\/\"},{\"@type\":\"ListItem\",\"position\":4,\"name\":\"Pr\u00e4zision der Anlage\"}]},{\"@type\":\"WebSite\",\"@id\":\"https:\\\/\\\/www.pro-con-trading.de\\\/v1\\\/#website\",\"url\":\"https:\\\/\\\/www.pro-con-trading.de\\\/v1\\\/\",\"name\":\"Pro-Con GmbH\",\"description\":\"Trading Conceptions\",\"potentialAction\":[{\"@type\":\"SearchAction\",\"target\":{\"@type\":\"EntryPoint\",\"urlTemplate\":\"https:\\\/\\\/www.pro-con-trading.de\\\/v1\\\/?s={search_term_string}\"},\"query-input\":{\"@type\":\"PropertyValueSpecification\",\"valueRequired\":true,\"valueName\":\"search_term_string\"}}],\"inLanguage\":\"de\"}]}<\/script>\n<!-- \/ Yoast SEO plugin. -->","yoast_head_json":{"title":"Pr\u00e4zision der Anlage - Pro-Con GmbH","robots":{"index":"index","follow":"follow","max-snippet":"max-snippet:-1","max-image-preview":"max-image-preview:large","max-video-preview":"max-video-preview:-1"},"canonical":"https:\/\/www.pro-con-trading.de\/v1\/ketten\/ratschlaege-fuer-die-praxis\/praezision-der-anlage\/","og_locale":"de_DE","og_type":"article","og_title":"Pr\u00e4zision der Anlage - Pro-Con GmbH","og_description":"KETTE ALS ANTRIEBSELEMENT Die Abweichung der Parallelit\u00e4t der Wellen darf [...]","og_url":"https:\/\/www.pro-con-trading.de\/v1\/ketten\/ratschlaege-fuer-die-praxis\/praezision-der-anlage\/","og_site_name":"Pro-Con GmbH","article_modified_time":"2013-11-07T15:25:57+00:00","og_image":[{"url":"http:\/\/www.pro-con-trading.de\/v1\/wp-content\/uploads\/2013\/11\/ketten_stabilitaet_der_anlage_trans-300x185.png","type":"","width":"","height":""}],"twitter_card":"summary_large_image","twitter_misc":{"Gesch\u00e4tzte Lesezeit":"1\u00a0Minute"},"schema":{"@context":"https:\/\/schema.org","@graph":[{"@type":"WebPage","@id":"https:\/\/www.pro-con-trading.de\/v1\/ketten\/ratschlaege-fuer-die-praxis\/praezision-der-anlage\/","url":"https:\/\/www.pro-con-trading.de\/v1\/ketten\/ratschlaege-fuer-die-praxis\/praezision-der-anlage\/","name":"Pr\u00e4zision der Anlage - Pro-Con GmbH","isPartOf":{"@id":"https:\/\/www.pro-con-trading.de\/v1\/#website"},"primaryImageOfPage":{"@id":"https:\/\/www.pro-con-trading.de\/v1\/ketten\/ratschlaege-fuer-die-praxis\/praezision-der-anlage\/#primaryimage"},"image":{"@id":"https:\/\/www.pro-con-trading.de\/v1\/ketten\/ratschlaege-fuer-die-praxis\/praezision-der-anlage\/#primaryimage"},"thumbnailUrl":"http:\/\/www.pro-con-trading.de\/v1\/wp-content\/uploads\/2013\/11\/ketten_stabilitaet_der_anlage_trans-300x185.png","datePublished":"2013-11-06T14:05:32+00:00","dateModified":"2013-11-07T15:25:57+00:00","breadcrumb":{"@id":"https:\/\/www.pro-con-trading.de\/v1\/ketten\/ratschlaege-fuer-die-praxis\/praezision-der-anlage\/#breadcrumb"},"inLanguage":"de","potentialAction":[{"@type":"ReadAction","target":["https:\/\/www.pro-con-trading.de\/v1\/ketten\/ratschlaege-fuer-die-praxis\/praezision-der-anlage\/"]}]},{"@type":"ImageObject","inLanguage":"de","@id":"https:\/\/www.pro-con-trading.de\/v1\/ketten\/ratschlaege-fuer-die-praxis\/praezision-der-anlage\/#primaryimage","url":"http:\/\/www.pro-con-trading.de\/v1\/wp-content\/uploads\/2013\/11\/ketten_stabilitaet_der_anlage_trans-300x185.png","contentUrl":"http:\/\/www.pro-con-trading.de\/v1\/wp-content\/uploads\/2013\/11\/ketten_stabilitaet_der_anlage_trans-300x185.png"},{"@type":"BreadcrumbList","@id":"https:\/\/www.pro-con-trading.de\/v1\/ketten\/ratschlaege-fuer-die-praxis\/praezision-der-anlage\/#breadcrumb","itemListElement":[{"@type":"ListItem","position":1,"name":"Startseite","item":"https:\/\/www.pro-con-trading.de\/v1\/"},{"@type":"ListItem","position":2,"name":"Ketten","item":"https:\/\/www.pro-con-trading.de\/v1\/ketten\/"},{"@type":"ListItem","position":3,"name":"Ratschl\u00e4ge f\u00fcr die Praxis","item":"https:\/\/www.pro-con-trading.de\/v1\/ketten\/ratschlaege-fuer-die-praxis\/"},{"@type":"ListItem","position":4,"name":"Pr\u00e4zision der Anlage"}]},{"@type":"WebSite","@id":"https:\/\/www.pro-con-trading.de\/v1\/#website","url":"https:\/\/www.pro-con-trading.de\/v1\/","name":"Pro-Con GmbH","description":"Trading Conceptions","potentialAction":[{"@type":"SearchAction","target":{"@type":"EntryPoint","urlTemplate":"https:\/\/www.pro-con-trading.de\/v1\/?s={search_term_string}"},"query-input":{"@type":"PropertyValueSpecification","valueRequired":true,"valueName":"search_term_string"}}],"inLanguage":"de"}]}},"_links":{"self":[{"href":"https:\/\/www.pro-con-trading.de\/v1\/wp-json\/wp\/v2\/pages\/260","targetHints":{"allow":["GET"]}}],"collection":[{"href":"https:\/\/www.pro-con-trading.de\/v1\/wp-json\/wp\/v2\/pages"}],"about":[{"href":"https:\/\/www.pro-con-trading.de\/v1\/wp-json\/wp\/v2\/types\/page"}],"author":[{"embeddable":true,"href":"https:\/\/www.pro-con-trading.de\/v1\/wp-json\/wp\/v2\/users\/1"}],"replies":[{"embeddable":true,"href":"https:\/\/www.pro-con-trading.de\/v1\/wp-json\/wp\/v2\/comments?post=260"}],"version-history":[{"count":7,"href":"https:\/\/www.pro-con-trading.de\/v1\/wp-json\/wp\/v2\/pages\/260\/revisions"}],"predecessor-version":[{"id":391,"href":"https:\/\/www.pro-con-trading.de\/v1\/wp-json\/wp\/v2\/pages\/260\/revisions\/391"}],"up":[{"embeddable":true,"href":"https:\/\/www.pro-con-trading.de\/v1\/wp-json\/wp\/v2\/pages\/124"}],"wp:attachment":[{"href":"https:\/\/www.pro-con-trading.de\/v1\/wp-json\/wp\/v2\/media?parent=260"}],"curies":[{"name":"wp","href":"https:\/\/api.w.org\/{rel}","templated":true}]}}