{"id":13,"date":"2013-11-04T12:25:42","date_gmt":"2013-11-04T10:25:42","guid":{"rendered":"http:\/\/www.pro-con-trading.de\/v1\/?page_id=13"},"modified":"2018-03-27T19:35:54","modified_gmt":"2018-03-27T17:35:54","slug":"drehteile","status":"publish","type":"page","link":"https:\/\/www.pro-con-trading.de\/v1\/industrieteile\/drehteile\/","title":{"rendered":"Drehteile"},"content":{"rendered":"<p><div class=\"fusion-fullwidth fullwidth-box fusion-builder-row-1 nonhundred-percent-fullwidth non-hundred-percent-height-scrolling\" style=\"--awb-border-radius-top-left:0px;--awb-border-radius-top-right:0px;--awb-border-radius-bottom-right:0px;--awb-border-radius-bottom-left:0px;--awb-flex-wrap:wrap;\" ><div class=\"fusion-builder-row fusion-row\"><div class=\"fusion-layout-column fusion_builder_column fusion-builder-column-0 fusion_builder_column_1_1 1_1 fusion-one-full fusion-column-first fusion-column-last\" style=\"--awb-bg-size:cover;--awb-margin-bottom:0px;\"><div class=\"fusion-column-wrapper fusion-flex-column-wrapper-legacy\"><div class=\"fusion-text fusion-text-1\"><h1 style=\"text-align: center;\">Drehteile<\/h1>\n<\/div><div class=\"fusion-text fusion-text-2\"><p><img decoding=\"async\" class=\"alignright size-full wp-image-240\" style=\"margin-left: 10px;\" src=\"http:\/\/www.pro-con-trading.de\/v1\/wp-content\/uploads\/2013\/11\/drehteile_p_k.jpg\" alt=\"drehteile_p_k\" width=\"200\" height=\"143\" \/>Wir bieten ein breites Spektrum rund um die Beschaffung von Automaten- und CNC-Drehteilen. Unsere Lieferanten k\u00f6nnen in fast allen Gr\u00f6\u00dfen Drehteile f\u00fcr Sie herstellen. Pr\u00e4zision und Qualit\u00e4t unserer Drehereien sind an die Europ\u00e4ischen Normen ISO 9001:2002 und teilweise an die strenge Automobilnorm TS 16949 angepasst.<\/p>\n<p>Wir liefern Drehteile aus nahezu allen Stahlsorten, Edelstahlsorten und Nichteisenmetallen. Durch moderne CNC-gesteuerte Drehautomaten mit angetrieben Werkzeugen sind unsere Lieferanten sehr flexibel um gro\u00dfe St\u00fcckzahlen mit hoher Wertsch\u00f6pfung im Bereich von \u00d8 6 mm bis \u00d8 1.500 mm termingerecht f\u00fcr Sie zu produzieren.<\/p>\n<\/div><div class=\"fusion-clearfix\"><\/div><\/div><\/div><\/div><\/div><div class=\"fusion-fullwidth fullwidth-box fusion-builder-row-2 nonhundred-percent-fullwidth non-hundred-percent-height-scrolling\" style=\"--awb-border-radius-top-left:0px;--awb-border-radius-top-right:0px;--awb-border-radius-bottom-right:0px;--awb-border-radius-bottom-left:0px;--awb-flex-wrap:wrap;\" ><div class=\"fusion-builder-row fusion-row\"><div class=\"fusion-layout-column fusion_builder_column fusion-builder-column-1 fusion_builder_column_1_1 1_1 fusion-one-full fusion-column-first fusion-column-last\" style=\"--awb-bg-size:cover;\"><div class=\"fusion-column-wrapper fusion-flex-column-wrapper-legacy\"><div class=\"fusion-image-carousel fusion-image-carousel-auto fusion-image-carousel-1 lightbox-enabled fusion-carousel-border\"><div class=\"awb-carousel awb-swiper awb-swiper-carousel awb-carousel--carousel awb-swiper-dots-position-bottom\" data-layout=\"carousel\" data-autoplay=\"yes\" data-autoplayspeed=\"2500\" data-autoplaypause=\"no\" data-columns=\"3\" data-columnsmedium=\"1\" data-columnssmall=\"1\" data-itemmargin=\"13\" data-itemwidth=\"180\" data-touchscroll=\"no\" data-freemode=\"no\" data-imagesize=\"auto\" data-scrollitems=\"0\" data-centeredslides=\"no\" data-rotationangle=\"50\" data-depth=\"100\" data-speed=\"500\" data-shadow=\"no\" data-pagination=\"bullets\" style=\"--awb-columns:3;--awb-border-width:1px;--awb-border-color:#e9eaee;\"><div class=\"swiper-wrapper awb-image-carousel-wrapper fusion-flex-align-items-center\"><div class=\"swiper-slide\"><div class=\"fusion-carousel-item-wrapper\"><div class=\"fusion-image-wrapper hover-type-zoomin\"><a data-rel=\"iLightbox[image_carousel_1]\" data-title=\"20180227-Druckst\u00fcck in Gewindestift\" aria-label=\"20180227-Druckst\u00fcck in Gewindestift\" href=\"https:\/\/buerstendichtungen.com\/streifenbuersten\/\" target=\"_self\"><img decoding=\"async\" width=\"500\" height=\"375\" src=\"https:\/\/www.pro-con-trading.de\/v1\/wp-content\/uploads\/2018\/03\/20180227-Druckst\u00fcck-in-Gewindestift.jpg\" class=\"attachment-full size-full\" alt=\"Streifenb\u00fcrste AU5x300 RSH 23\" srcset=\"https:\/\/www.pro-con-trading.de\/v1\/wp-content\/uploads\/2018\/03\/20180227-Druckst\u00fcck-in-Gewindestift-200x150.jpg 200w, https:\/\/www.pro-con-trading.de\/v1\/wp-content\/uploads\/2018\/03\/20180227-Druckst\u00fcck-in-Gewindestift-400x300.jpg 400w, https:\/\/www.pro-con-trading.de\/v1\/wp-content\/uploads\/2018\/03\/20180227-Druckst\u00fcck-in-Gewindestift.jpg 500w\" sizes=\"(min-width: 2200px) 100vw, (min-width: 784px) 358px, (min-width: 712px) 537px, (min-width: 640px) 712px, \" \/><\/a><\/div><\/div><\/div><div class=\"swiper-slide\"><div class=\"fusion-carousel-item-wrapper\"><div class=\"fusion-image-wrapper hover-type-zoomin\"><a data-rel=\"iLightbox[image_carousel_1]\" data-title=\"20130308-Kupferh\u00fclse M6x7\" aria-label=\"20130308-Kupferh\u00fclse M6x7\" href=\"https:\/\/buerstendichtungen.com\/streifenbuersten\/\" target=\"_self\"><img decoding=\"async\" width=\"500\" height=\"375\" src=\"https:\/\/www.pro-con-trading.de\/v1\/wp-content\/uploads\/2018\/03\/20130308-Kupferh\u00fclse-M6x7.jpg\" class=\"attachment-full size-full\" alt=\"Streifenb\u00fcrste AU5x300 RSH 23\" srcset=\"https:\/\/www.pro-con-trading.de\/v1\/wp-content\/uploads\/2018\/03\/20130308-Kupferh\u00fclse-M6x7-200x150.jpg 200w, https:\/\/www.pro-con-trading.de\/v1\/wp-content\/uploads\/2018\/03\/20130308-Kupferh\u00fclse-M6x7-400x300.jpg 400w, https:\/\/www.pro-con-trading.de\/v1\/wp-content\/uploads\/2018\/03\/20130308-Kupferh\u00fclse-M6x7.jpg 500w\" sizes=\"(min-width: 2200px) 100vw, (min-width: 784px) 358px, (min-width: 712px) 537px, (min-width: 640px) 712px, \" \/><\/a><\/div><\/div><\/div><div class=\"swiper-slide\"><div class=\"fusion-carousel-item-wrapper\"><div class=\"fusion-image-wrapper hover-type-zoomin\"><a data-rel=\"iLightbox[image_carousel_1]\" data-title=\"20111005-Fu\u00df mit Gummi\" aria-label=\"20111005-Fu\u00df mit Gummi\" href=\"https:\/\/buerstendichtungen.com\/streifenbuersten\/\" target=\"_self\"><img decoding=\"async\" width=\"500\" height=\"375\" src=\"https:\/\/www.pro-con-trading.de\/v1\/wp-content\/uploads\/2018\/03\/20111005-Fu\u00df-mit-Gummi.jpg\" class=\"attachment-full size-full\" alt=\"Streifenb\u00fcrste AU5x300 RSH 23\" srcset=\"https:\/\/www.pro-con-trading.de\/v1\/wp-content\/uploads\/2018\/03\/20111005-Fu\u00df-mit-Gummi-200x150.jpg 200w, https:\/\/www.pro-con-trading.de\/v1\/wp-content\/uploads\/2018\/03\/20111005-Fu\u00df-mit-Gummi-400x300.jpg 400w, https:\/\/www.pro-con-trading.de\/v1\/wp-content\/uploads\/2018\/03\/20111005-Fu\u00df-mit-Gummi.jpg 500w\" sizes=\"(min-width: 2200px) 100vw, (min-width: 784px) 358px, (min-width: 712px) 537px, (min-width: 640px) 712px, \" \/><\/a><\/div><\/div><\/div><div class=\"swiper-slide\"><div class=\"fusion-carousel-item-wrapper\"><div class=\"fusion-image-wrapper hover-type-zoomin\"><a data-rel=\"iLightbox[image_carousel_1]\" data-title=\"20101008-Schaftschraube m. Innensechskant\" aria-label=\"20101008-Schaftschraube m. Innensechskant\" href=\"https:\/\/buerstendichtungen.com\/streifenbuersten\/\" target=\"_self\"><img decoding=\"async\" width=\"500\" height=\"375\" src=\"https:\/\/www.pro-con-trading.de\/v1\/wp-content\/uploads\/2018\/03\/20101008-Schaftschraube-m.-Innensechskant.jpg\" class=\"attachment-full size-full\" alt=\"Streifenb\u00fcrste AU5x300 RSH 23\" srcset=\"https:\/\/www.pro-con-trading.de\/v1\/wp-content\/uploads\/2018\/03\/20101008-Schaftschraube-m.-Innensechskant-200x150.jpg 200w, https:\/\/www.pro-con-trading.de\/v1\/wp-content\/uploads\/2018\/03\/20101008-Schaftschraube-m.-Innensechskant-400x300.jpg 400w, https:\/\/www.pro-con-trading.de\/v1\/wp-content\/uploads\/2018\/03\/20101008-Schaftschraube-m.-Innensechskant.jpg 500w\" sizes=\"(min-width: 2200px) 100vw, (min-width: 784px) 358px, (min-width: 712px) 537px, (min-width: 640px) 712px, \" \/><\/a><\/div><\/div><\/div><\/div><div class=\"awb-swiper-button awb-swiper-button-prev\"><i class=\"awb-icon-angle-left\" aria-hidden=\"true\"><\/i><\/div><div class=\"awb-swiper-button awb-swiper-button-next\"><i class=\"awb-icon-angle-right\" aria-hidden=\"true\"><\/i><\/div><\/div><\/div><div class=\"fusion-clearfix\"><\/div><\/div><\/div><\/div><\/div><\/p>\n","protected":false},"excerpt":{"rendered":"","protected":false},"author":1,"featured_media":0,"parent":9,"menu_order":0,"comment_status":"open","ping_status":"open","template":"","meta":{"footnotes":""},"class_list":["post-13","page","type-page","status-publish","hentry"],"yoast_head":"<!-- This site is optimized with the Yoast SEO plugin v27.4 - https:\/\/yoast.com\/product\/yoast-seo-wordpress\/ -->\n<title>Drehteile - Pro-Con GmbH<\/title>\n<meta name=\"robots\" content=\"index, follow, max-snippet:-1, max-image-preview:large, max-video-preview:-1\" \/>\n<link rel=\"canonical\" href=\"https:\/\/www.pro-con-trading.de\/v1\/industrieteile\/drehteile\/\" \/>\n<meta property=\"og:locale\" content=\"de_DE\" \/>\n<meta property=\"og:type\" content=\"article\" \/>\n<meta property=\"og:title\" content=\"Drehteile - Pro-Con GmbH\" \/>\n<meta property=\"og:url\" content=\"https:\/\/www.pro-con-trading.de\/v1\/industrieteile\/drehteile\/\" \/>\n<meta property=\"og:site_name\" content=\"Pro-Con GmbH\" \/>\n<meta property=\"article:modified_time\" content=\"2018-03-27T17:35:54+00:00\" \/>\n<meta property=\"og:image\" content=\"http:\/\/www.pro-con-trading.de\/v1\/wp-content\/uploads\/2013\/11\/drehteile_p_k.jpg\" \/>\n<meta name=\"twitter:card\" content=\"summary_large_image\" \/>\n<meta name=\"twitter:label1\" content=\"Gesch\u00e4tzte Lesezeit\" \/>\n\t<meta name=\"twitter:data1\" content=\"3\u00a0Minuten\" \/>\n<script type=\"application\/ld+json\" class=\"yoast-schema-graph\">{\"@context\":\"https:\\\/\\\/schema.org\",\"@graph\":[{\"@type\":\"WebPage\",\"@id\":\"https:\\\/\\\/www.pro-con-trading.de\\\/v1\\\/industrieteile\\\/drehteile\\\/\",\"url\":\"https:\\\/\\\/www.pro-con-trading.de\\\/v1\\\/industrieteile\\\/drehteile\\\/\",\"name\":\"Drehteile - Pro-Con GmbH\",\"isPartOf\":{\"@id\":\"https:\\\/\\\/www.pro-con-trading.de\\\/v1\\\/#website\"},\"primaryImageOfPage\":{\"@id\":\"https:\\\/\\\/www.pro-con-trading.de\\\/v1\\\/industrieteile\\\/drehteile\\\/#primaryimage\"},\"image\":{\"@id\":\"https:\\\/\\\/www.pro-con-trading.de\\\/v1\\\/industrieteile\\\/drehteile\\\/#primaryimage\"},\"thumbnailUrl\":\"http:\\\/\\\/www.pro-con-trading.de\\\/v1\\\/wp-content\\\/uploads\\\/2013\\\/11\\\/drehteile_p_k.jpg\",\"datePublished\":\"2013-11-04T10:25:42+00:00\",\"dateModified\":\"2018-03-27T17:35:54+00:00\",\"breadcrumb\":{\"@id\":\"https:\\\/\\\/www.pro-con-trading.de\\\/v1\\\/industrieteile\\\/drehteile\\\/#breadcrumb\"},\"inLanguage\":\"de\",\"potentialAction\":[{\"@type\":\"ReadAction\",\"target\":[\"https:\\\/\\\/www.pro-con-trading.de\\\/v1\\\/industrieteile\\\/drehteile\\\/\"]}]},{\"@type\":\"ImageObject\",\"inLanguage\":\"de\",\"@id\":\"https:\\\/\\\/www.pro-con-trading.de\\\/v1\\\/industrieteile\\\/drehteile\\\/#primaryimage\",\"url\":\"http:\\\/\\\/www.pro-con-trading.de\\\/v1\\\/wp-content\\\/uploads\\\/2013\\\/11\\\/drehteile_p_k.jpg\",\"contentUrl\":\"http:\\\/\\\/www.pro-con-trading.de\\\/v1\\\/wp-content\\\/uploads\\\/2013\\\/11\\\/drehteile_p_k.jpg\"},{\"@type\":\"BreadcrumbList\",\"@id\":\"https:\\\/\\\/www.pro-con-trading.de\\\/v1\\\/industrieteile\\\/drehteile\\\/#breadcrumb\",\"itemListElement\":[{\"@type\":\"ListItem\",\"position\":1,\"name\":\"Startseite\",\"item\":\"https:\\\/\\\/www.pro-con-trading.de\\\/v1\\\/\"},{\"@type\":\"ListItem\",\"position\":2,\"name\":\"Industrieteile\",\"item\":\"https:\\\/\\\/www.pro-con-trading.de\\\/v1\\\/industrieteile\\\/\"},{\"@type\":\"ListItem\",\"position\":3,\"name\":\"Drehteile\"}]},{\"@type\":\"WebSite\",\"@id\":\"https:\\\/\\\/www.pro-con-trading.de\\\/v1\\\/#website\",\"url\":\"https:\\\/\\\/www.pro-con-trading.de\\\/v1\\\/\",\"name\":\"Pro-Con GmbH\",\"description\":\"Trading Conceptions\",\"potentialAction\":[{\"@type\":\"SearchAction\",\"target\":{\"@type\":\"EntryPoint\",\"urlTemplate\":\"https:\\\/\\\/www.pro-con-trading.de\\\/v1\\\/?s={search_term_string}\"},\"query-input\":{\"@type\":\"PropertyValueSpecification\",\"valueRequired\":true,\"valueName\":\"search_term_string\"}}],\"inLanguage\":\"de\"}]}<\/script>\n<!-- \/ Yoast SEO plugin. -->","yoast_head_json":{"title":"Drehteile - Pro-Con GmbH","robots":{"index":"index","follow":"follow","max-snippet":"max-snippet:-1","max-image-preview":"max-image-preview:large","max-video-preview":"max-video-preview:-1"},"canonical":"https:\/\/www.pro-con-trading.de\/v1\/industrieteile\/drehteile\/","og_locale":"de_DE","og_type":"article","og_title":"Drehteile - Pro-Con GmbH","og_url":"https:\/\/www.pro-con-trading.de\/v1\/industrieteile\/drehteile\/","og_site_name":"Pro-Con GmbH","article_modified_time":"2018-03-27T17:35:54+00:00","og_image":[{"url":"http:\/\/www.pro-con-trading.de\/v1\/wp-content\/uploads\/2013\/11\/drehteile_p_k.jpg","type":"","width":"","height":""}],"twitter_card":"summary_large_image","twitter_misc":{"Gesch\u00e4tzte Lesezeit":"3\u00a0Minuten"},"schema":{"@context":"https:\/\/schema.org","@graph":[{"@type":"WebPage","@id":"https:\/\/www.pro-con-trading.de\/v1\/industrieteile\/drehteile\/","url":"https:\/\/www.pro-con-trading.de\/v1\/industrieteile\/drehteile\/","name":"Drehteile - Pro-Con GmbH","isPartOf":{"@id":"https:\/\/www.pro-con-trading.de\/v1\/#website"},"primaryImageOfPage":{"@id":"https:\/\/www.pro-con-trading.de\/v1\/industrieteile\/drehteile\/#primaryimage"},"image":{"@id":"https:\/\/www.pro-con-trading.de\/v1\/industrieteile\/drehteile\/#primaryimage"},"thumbnailUrl":"http:\/\/www.pro-con-trading.de\/v1\/wp-content\/uploads\/2013\/11\/drehteile_p_k.jpg","datePublished":"2013-11-04T10:25:42+00:00","dateModified":"2018-03-27T17:35:54+00:00","breadcrumb":{"@id":"https:\/\/www.pro-con-trading.de\/v1\/industrieteile\/drehteile\/#breadcrumb"},"inLanguage":"de","potentialAction":[{"@type":"ReadAction","target":["https:\/\/www.pro-con-trading.de\/v1\/industrieteile\/drehteile\/"]}]},{"@type":"ImageObject","inLanguage":"de","@id":"https:\/\/www.pro-con-trading.de\/v1\/industrieteile\/drehteile\/#primaryimage","url":"http:\/\/www.pro-con-trading.de\/v1\/wp-content\/uploads\/2013\/11\/drehteile_p_k.jpg","contentUrl":"http:\/\/www.pro-con-trading.de\/v1\/wp-content\/uploads\/2013\/11\/drehteile_p_k.jpg"},{"@type":"BreadcrumbList","@id":"https:\/\/www.pro-con-trading.de\/v1\/industrieteile\/drehteile\/#breadcrumb","itemListElement":[{"@type":"ListItem","position":1,"name":"Startseite","item":"https:\/\/www.pro-con-trading.de\/v1\/"},{"@type":"ListItem","position":2,"name":"Industrieteile","item":"https:\/\/www.pro-con-trading.de\/v1\/industrieteile\/"},{"@type":"ListItem","position":3,"name":"Drehteile"}]},{"@type":"WebSite","@id":"https:\/\/www.pro-con-trading.de\/v1\/#website","url":"https:\/\/www.pro-con-trading.de\/v1\/","name":"Pro-Con GmbH","description":"Trading Conceptions","potentialAction":[{"@type":"SearchAction","target":{"@type":"EntryPoint","urlTemplate":"https:\/\/www.pro-con-trading.de\/v1\/?s={search_term_string}"},"query-input":{"@type":"PropertyValueSpecification","valueRequired":true,"valueName":"search_term_string"}}],"inLanguage":"de"}]}},"_links":{"self":[{"href":"https:\/\/www.pro-con-trading.de\/v1\/wp-json\/wp\/v2\/pages\/13","targetHints":{"allow":["GET"]}}],"collection":[{"href":"https:\/\/www.pro-con-trading.de\/v1\/wp-json\/wp\/v2\/pages"}],"about":[{"href":"https:\/\/www.pro-con-trading.de\/v1\/wp-json\/wp\/v2\/types\/page"}],"author":[{"embeddable":true,"href":"https:\/\/www.pro-con-trading.de\/v1\/wp-json\/wp\/v2\/users\/1"}],"replies":[{"embeddable":true,"href":"https:\/\/www.pro-con-trading.de\/v1\/wp-json\/wp\/v2\/comments?post=13"}],"version-history":[{"count":7,"href":"https:\/\/www.pro-con-trading.de\/v1\/wp-json\/wp\/v2\/pages\/13\/revisions"}],"predecessor-version":[{"id":1120,"href":"https:\/\/www.pro-con-trading.de\/v1\/wp-json\/wp\/v2\/pages\/13\/revisions\/1120"}],"up":[{"embeddable":true,"href":"https:\/\/www.pro-con-trading.de\/v1\/wp-json\/wp\/v2\/pages\/9"}],"wp:attachment":[{"href":"https:\/\/www.pro-con-trading.de\/v1\/wp-json\/wp\/v2\/media?parent=13"}],"curies":[{"name":"wp","href":"https:\/\/api.w.org\/{rel}","templated":true}]}}