{"id":124,"date":"2013-11-04T13:52:18","date_gmt":"2013-11-04T11:52:18","guid":{"rendered":"http:\/\/www.pro-con-trading.de\/v1\/?page_id=124"},"modified":"2013-11-06T15:47:14","modified_gmt":"2013-11-06T13:47:14","slug":"ratschlaege-fuer-die-praxis","status":"publish","type":"page","link":"https:\/\/www.pro-con-trading.de\/v1\/ketten\/ratschlaege-fuer-die-praxis\/","title":{"rendered":"Ratschl\u00e4ge f\u00fcr die Praxis"},"content":{"rendered":"<p>Die Zuverl\u00e4ssigkeit und Langlebigkeit einer Kette, gleich welcher Anwendung, sind abh\u00e4ngig von ihrem Qualit\u00e4tsstandard, der Sorgfalt bei der Konzeption, der Gestaltung der Anlage und ihrer Montage sowie der Schmierung und Wartung.<\/p>\n<p><em>Quelle: SEDIS<\/em><\/p>\n","protected":false},"excerpt":{"rendered":"<p>Die Zuverl\u00e4ssigkeit und Langlebigkeit einer Kette, gleich welcher Anwendung, sind  [&#8230;]<\/p>\n","protected":false},"author":1,"featured_media":0,"parent":42,"menu_order":0,"comment_status":"open","ping_status":"open","template":"","meta":{"footnotes":""},"class_list":["post-124","page","type-page","status-publish","hentry"],"yoast_head":"<!-- This site is optimized with the Yoast SEO plugin v27.4 - https:\/\/yoast.com\/product\/yoast-seo-wordpress\/ -->\n<title>Ratschl\u00e4ge f\u00fcr die Praxis - Pro-Con GmbH<\/title>\n<meta name=\"robots\" content=\"index, follow, max-snippet:-1, max-image-preview:large, max-video-preview:-1\" \/>\n<link rel=\"canonical\" href=\"https:\/\/www.pro-con-trading.de\/v1\/ketten\/ratschlaege-fuer-die-praxis\/\" \/>\n<meta property=\"og:locale\" content=\"de_DE\" \/>\n<meta property=\"og:type\" content=\"article\" \/>\n<meta property=\"og:title\" content=\"Ratschl\u00e4ge f\u00fcr die Praxis - Pro-Con GmbH\" \/>\n<meta property=\"og:description\" content=\"Die Zuverl\u00e4ssigkeit und Langlebigkeit einer Kette, gleich welcher Anwendung, sind [...]\" \/>\n<meta property=\"og:url\" content=\"https:\/\/www.pro-con-trading.de\/v1\/ketten\/ratschlaege-fuer-die-praxis\/\" \/>\n<meta property=\"og:site_name\" content=\"Pro-Con GmbH\" \/>\n<meta property=\"article:modified_time\" content=\"2013-11-06T13:47:14+00:00\" \/>\n<meta name=\"twitter:card\" content=\"summary_large_image\" \/>\n<script type=\"application\/ld+json\" class=\"yoast-schema-graph\">{\"@context\":\"https:\\\/\\\/schema.org\",\"@graph\":[{\"@type\":\"WebPage\",\"@id\":\"https:\\\/\\\/www.pro-con-trading.de\\\/v1\\\/ketten\\\/ratschlaege-fuer-die-praxis\\\/\",\"url\":\"https:\\\/\\\/www.pro-con-trading.de\\\/v1\\\/ketten\\\/ratschlaege-fuer-die-praxis\\\/\",\"name\":\"Ratschl\u00e4ge f\u00fcr die Praxis - Pro-Con GmbH\",\"isPartOf\":{\"@id\":\"https:\\\/\\\/www.pro-con-trading.de\\\/v1\\\/#website\"},\"datePublished\":\"2013-11-04T11:52:18+00:00\",\"dateModified\":\"2013-11-06T13:47:14+00:00\",\"breadcrumb\":{\"@id\":\"https:\\\/\\\/www.pro-con-trading.de\\\/v1\\\/ketten\\\/ratschlaege-fuer-die-praxis\\\/#breadcrumb\"},\"inLanguage\":\"de\",\"potentialAction\":[{\"@type\":\"ReadAction\",\"target\":[\"https:\\\/\\\/www.pro-con-trading.de\\\/v1\\\/ketten\\\/ratschlaege-fuer-die-praxis\\\/\"]}]},{\"@type\":\"BreadcrumbList\",\"@id\":\"https:\\\/\\\/www.pro-con-trading.de\\\/v1\\\/ketten\\\/ratschlaege-fuer-die-praxis\\\/#breadcrumb\",\"itemListElement\":[{\"@type\":\"ListItem\",\"position\":1,\"name\":\"Startseite\",\"item\":\"https:\\\/\\\/www.pro-con-trading.de\\\/v1\\\/\"},{\"@type\":\"ListItem\",\"position\":2,\"name\":\"Ketten\",\"item\":\"https:\\\/\\\/www.pro-con-trading.de\\\/v1\\\/ketten\\\/\"},{\"@type\":\"ListItem\",\"position\":3,\"name\":\"Ratschl\u00e4ge f\u00fcr die Praxis\"}]},{\"@type\":\"WebSite\",\"@id\":\"https:\\\/\\\/www.pro-con-trading.de\\\/v1\\\/#website\",\"url\":\"https:\\\/\\\/www.pro-con-trading.de\\\/v1\\\/\",\"name\":\"Pro-Con GmbH\",\"description\":\"Trading Conceptions\",\"potentialAction\":[{\"@type\":\"SearchAction\",\"target\":{\"@type\":\"EntryPoint\",\"urlTemplate\":\"https:\\\/\\\/www.pro-con-trading.de\\\/v1\\\/?s={search_term_string}\"},\"query-input\":{\"@type\":\"PropertyValueSpecification\",\"valueRequired\":true,\"valueName\":\"search_term_string\"}}],\"inLanguage\":\"de\"}]}<\/script>\n<!-- \/ Yoast SEO plugin. -->","yoast_head_json":{"title":"Ratschl\u00e4ge f\u00fcr die Praxis - Pro-Con GmbH","robots":{"index":"index","follow":"follow","max-snippet":"max-snippet:-1","max-image-preview":"max-image-preview:large","max-video-preview":"max-video-preview:-1"},"canonical":"https:\/\/www.pro-con-trading.de\/v1\/ketten\/ratschlaege-fuer-die-praxis\/","og_locale":"de_DE","og_type":"article","og_title":"Ratschl\u00e4ge f\u00fcr die Praxis - Pro-Con GmbH","og_description":"Die Zuverl\u00e4ssigkeit und Langlebigkeit einer Kette, gleich welcher Anwendung, sind [...]","og_url":"https:\/\/www.pro-con-trading.de\/v1\/ketten\/ratschlaege-fuer-die-praxis\/","og_site_name":"Pro-Con GmbH","article_modified_time":"2013-11-06T13:47:14+00:00","twitter_card":"summary_large_image","schema":{"@context":"https:\/\/schema.org","@graph":[{"@type":"WebPage","@id":"https:\/\/www.pro-con-trading.de\/v1\/ketten\/ratschlaege-fuer-die-praxis\/","url":"https:\/\/www.pro-con-trading.de\/v1\/ketten\/ratschlaege-fuer-die-praxis\/","name":"Ratschl\u00e4ge f\u00fcr die Praxis - Pro-Con GmbH","isPartOf":{"@id":"https:\/\/www.pro-con-trading.de\/v1\/#website"},"datePublished":"2013-11-04T11:52:18+00:00","dateModified":"2013-11-06T13:47:14+00:00","breadcrumb":{"@id":"https:\/\/www.pro-con-trading.de\/v1\/ketten\/ratschlaege-fuer-die-praxis\/#breadcrumb"},"inLanguage":"de","potentialAction":[{"@type":"ReadAction","target":["https:\/\/www.pro-con-trading.de\/v1\/ketten\/ratschlaege-fuer-die-praxis\/"]}]},{"@type":"BreadcrumbList","@id":"https:\/\/www.pro-con-trading.de\/v1\/ketten\/ratschlaege-fuer-die-praxis\/#breadcrumb","itemListElement":[{"@type":"ListItem","position":1,"name":"Startseite","item":"https:\/\/www.pro-con-trading.de\/v1\/"},{"@type":"ListItem","position":2,"name":"Ketten","item":"https:\/\/www.pro-con-trading.de\/v1\/ketten\/"},{"@type":"ListItem","position":3,"name":"Ratschl\u00e4ge f\u00fcr die Praxis"}]},{"@type":"WebSite","@id":"https:\/\/www.pro-con-trading.de\/v1\/#website","url":"https:\/\/www.pro-con-trading.de\/v1\/","name":"Pro-Con GmbH","description":"Trading Conceptions","potentialAction":[{"@type":"SearchAction","target":{"@type":"EntryPoint","urlTemplate":"https:\/\/www.pro-con-trading.de\/v1\/?s={search_term_string}"},"query-input":{"@type":"PropertyValueSpecification","valueRequired":true,"valueName":"search_term_string"}}],"inLanguage":"de"}]}},"_links":{"self":[{"href":"https:\/\/www.pro-con-trading.de\/v1\/wp-json\/wp\/v2\/pages\/124","targetHints":{"allow":["GET"]}}],"collection":[{"href":"https:\/\/www.pro-con-trading.de\/v1\/wp-json\/wp\/v2\/pages"}],"about":[{"href":"https:\/\/www.pro-con-trading.de\/v1\/wp-json\/wp\/v2\/types\/page"}],"author":[{"embeddable":true,"href":"https:\/\/www.pro-con-trading.de\/v1\/wp-json\/wp\/v2\/users\/1"}],"replies":[{"embeddable":true,"href":"https:\/\/www.pro-con-trading.de\/v1\/wp-json\/wp\/v2\/comments?post=124"}],"version-history":[{"count":2,"href":"https:\/\/www.pro-con-trading.de\/v1\/wp-json\/wp\/v2\/pages\/124\/revisions"}],"predecessor-version":[{"id":248,"href":"https:\/\/www.pro-con-trading.de\/v1\/wp-json\/wp\/v2\/pages\/124\/revisions\/248"}],"up":[{"embeddable":true,"href":"https:\/\/www.pro-con-trading.de\/v1\/wp-json\/wp\/v2\/pages\/42"}],"wp:attachment":[{"href":"https:\/\/www.pro-con-trading.de\/v1\/wp-json\/wp\/v2\/media?parent=124"}],"curies":[{"name":"wp","href":"https:\/\/api.w.org\/{rel}","templated":true}]}}