{"id":112,"date":"2013-11-04T13:50:43","date_gmt":"2013-11-04T11:50:43","guid":{"rendered":"http:\/\/www.pro-con-trading.de\/v1\/?page_id=112"},"modified":"2018-03-28T09:41:05","modified_gmt":"2018-03-28T07:41:05","slug":"foerderketten","status":"publish","type":"page","link":"https:\/\/www.pro-con-trading.de\/v1\/ketten\/foerderketten\/","title":{"rendered":"F\u00f6rderketten"},"content":{"rendered":"<div class=\"fusion-fullwidth fullwidth-box fusion-builder-row-1 nonhundred-percent-fullwidth non-hundred-percent-height-scrolling\" style=\"--awb-border-radius-top-left:0px;--awb-border-radius-top-right:0px;--awb-border-radius-bottom-right:0px;--awb-border-radius-bottom-left:0px;--awb-flex-wrap:wrap;\" ><div class=\"fusion-builder-row fusion-row\"><div class=\"fusion-layout-column fusion_builder_column fusion-builder-column-0 fusion_builder_column_1_1 1_1 fusion-one-full fusion-column-first fusion-column-last\" style=\"--awb-bg-size:cover;--awb-margin-bottom:0px;\"><div class=\"fusion-column-wrapper fusion-flex-column-wrapper-legacy\"><div class=\"fusion-text fusion-text-1\"><h1 style=\"text-align: center;\">F\u00f6rderketten<\/h1>\n<\/div><div class=\"fusion-text fusion-text-2\"><p><a href=\"http:\/\/www.pro-con-trading.de\/v1\/wp-content\/uploads\/2013\/11\/Rollenketten_05.jpg\"><img decoding=\"async\" class=\"alignright size-medium wp-image-472\" style=\"margin-left: 25px;\" src=\"http:\/\/www.pro-con-trading.de\/v1\/wp-content\/uploads\/2013\/11\/Rollenketten_05-300x227.jpg\" alt=\"F\u00f6rderketten Beispiele\" width=\"300\" height=\"227\" srcset=\"https:\/\/www.pro-con-trading.de\/v1\/wp-content\/uploads\/2013\/11\/Rollenketten_05-300x227.jpg 300w, https:\/\/www.pro-con-trading.de\/v1\/wp-content\/uploads\/2013\/11\/Rollenketten_05.jpg 564w\" sizes=\"(max-width: 300px) 100vw, 300px\" \/><\/a>K\u00f6nnen nach folgenden Standards geliefert werden:<\/p>\n<ul class=\"bullet-6\">\n<li>F\u00f6rderketten (Bauart M) mit Vollbolzen nach ISO 1977 \/ DIN 8167<\/li>\n<li>F\u00f6rderketten BS (britischer Standard) mit Vollbolzen<\/li>\n<li>Hohlbolzen-F\u00f6rderketten<\/li>\n<\/ul>\n<p>F\u00f6rderketten sind lieferbar :<\/p>\n<ul class=\"bullet-6\">\n<li>als Buchsenketten ohne Rollen,<\/li>\n<li>mit Schonrollen,<\/li>\n<li>mit Lauf- oder Bundlaufrollen,<\/li>\n<\/ul>\n<p>Die Rollen sind verg\u00fctet. Verbindungsglieder lieferbar mit :<\/p>\n<ul class=\"bullet-6\">\n<li>Sicherungsmuttern Typ 209 (nicht Hohlbolzen-F\u00f6rderkette)<\/li>\n<li>Splinten Typ 208<\/li>\n<li>Nietglied Typ 205 (nur Hohlbolzen-F\u00f6rderkette)<\/li>\n<\/ul>\n<\/div><div class=\"fusion-aligncenter\"><a class=\"fusion-button button-flat fusion-button-default-size button-custom fusion-button-default button-1 fusion-button-default-span fusion-button-default-type\" style=\"--button_accent_color:#ffffff;--button_accent_hover_color:#ffffff;--button_border_hover_color:#ffffff;--button-border-radius-top-left:0px;--button-border-radius-top-right:0px;--button-border-radius-bottom-right:0px;--button-border-radius-bottom-left:0px;--button_gradient_top_color:#2d55a3;--button_gradient_bottom_color:#2d55a3;--button_gradient_top_color_hover:#03a9f4;--button_gradient_bottom_color_hover:#03a9f4;\" target=\"_self\" href=\"https:\/\/antriebstechnik.pro\/homepage-2\/kettensortiment\/foerderketten\/\"><i class=\" fa fa-barcode awb-button__icon awb-button__icon--default button-icon-left\" aria-hidden=\"true\"><\/i><span class=\"fusion-button-text awb-button__text awb-button__text--default\">Zur Produktseite F\u00f6rderketten<\/span><\/a><\/div><div class=\"fusion-clearfix\"><\/div><\/div><\/div><\/div><\/div>\n","protected":false},"excerpt":{"rendered":"","protected":false},"author":1,"featured_media":0,"parent":42,"menu_order":0,"comment_status":"open","ping_status":"open","template":"","meta":{"footnotes":""},"class_list":["post-112","page","type-page","status-publish","hentry"],"yoast_head":"<!-- This site is optimized with the Yoast SEO plugin v27.3 - https:\/\/yoast.com\/product\/yoast-seo-wordpress\/ -->\n<title>F\u00f6rderketten - Pro-Con GmbH<\/title>\n<meta name=\"description\" content=\"F\u00f6rderketten f\u00fcr den Maschinen- und Anlagenbau\" \/>\n<meta name=\"robots\" content=\"index, follow, max-snippet:-1, max-image-preview:large, max-video-preview:-1\" \/>\n<link rel=\"canonical\" href=\"https:\/\/www.pro-con-trading.de\/v1\/ketten\/foerderketten\/\" \/>\n<meta property=\"og:locale\" content=\"de_DE\" \/>\n<meta property=\"og:type\" content=\"article\" \/>\n<meta property=\"og:title\" content=\"F\u00f6rderketten - Pro-Con GmbH\" \/>\n<meta property=\"og:description\" content=\"F\u00f6rderketten f\u00fcr den Maschinen- und Anlagenbau\" \/>\n<meta property=\"og:url\" content=\"https:\/\/www.pro-con-trading.de\/v1\/ketten\/foerderketten\/\" \/>\n<meta property=\"og:site_name\" content=\"Pro-Con GmbH\" \/>\n<meta property=\"article:modified_time\" content=\"2018-03-28T07:41:05+00:00\" \/>\n<meta property=\"og:image\" content=\"http:\/\/www.pro-con-trading.de\/v1\/wp-content\/uploads\/2013\/11\/Rollenketten_05-300x227.jpg\" \/>\n<meta name=\"twitter:card\" content=\"summary_large_image\" \/>\n<meta name=\"twitter:label1\" content=\"Gesch\u00e4tzte Lesezeit\" \/>\n\t<meta name=\"twitter:data1\" content=\"2\u00a0Minuten\" \/>\n<script type=\"application\/ld+json\" class=\"yoast-schema-graph\">{\"@context\":\"https:\\\/\\\/schema.org\",\"@graph\":[{\"@type\":\"WebPage\",\"@id\":\"https:\\\/\\\/www.pro-con-trading.de\\\/v1\\\/ketten\\\/foerderketten\\\/\",\"url\":\"https:\\\/\\\/www.pro-con-trading.de\\\/v1\\\/ketten\\\/foerderketten\\\/\",\"name\":\"F\u00f6rderketten - Pro-Con GmbH\",\"isPartOf\":{\"@id\":\"https:\\\/\\\/www.pro-con-trading.de\\\/v1\\\/#website\"},\"primaryImageOfPage\":{\"@id\":\"https:\\\/\\\/www.pro-con-trading.de\\\/v1\\\/ketten\\\/foerderketten\\\/#primaryimage\"},\"image\":{\"@id\":\"https:\\\/\\\/www.pro-con-trading.de\\\/v1\\\/ketten\\\/foerderketten\\\/#primaryimage\"},\"thumbnailUrl\":\"http:\\\/\\\/www.pro-con-trading.de\\\/v1\\\/wp-content\\\/uploads\\\/2013\\\/11\\\/Rollenketten_05-300x227.jpg\",\"datePublished\":\"2013-11-04T11:50:43+00:00\",\"dateModified\":\"2018-03-28T07:41:05+00:00\",\"description\":\"F\u00f6rderketten f\u00fcr den Maschinen- und Anlagenbau\",\"breadcrumb\":{\"@id\":\"https:\\\/\\\/www.pro-con-trading.de\\\/v1\\\/ketten\\\/foerderketten\\\/#breadcrumb\"},\"inLanguage\":\"de\",\"potentialAction\":[{\"@type\":\"ReadAction\",\"target\":[\"https:\\\/\\\/www.pro-con-trading.de\\\/v1\\\/ketten\\\/foerderketten\\\/\"]}]},{\"@type\":\"ImageObject\",\"inLanguage\":\"de\",\"@id\":\"https:\\\/\\\/www.pro-con-trading.de\\\/v1\\\/ketten\\\/foerderketten\\\/#primaryimage\",\"url\":\"http:\\\/\\\/www.pro-con-trading.de\\\/v1\\\/wp-content\\\/uploads\\\/2013\\\/11\\\/Rollenketten_05-300x227.jpg\",\"contentUrl\":\"http:\\\/\\\/www.pro-con-trading.de\\\/v1\\\/wp-content\\\/uploads\\\/2013\\\/11\\\/Rollenketten_05-300x227.jpg\"},{\"@type\":\"BreadcrumbList\",\"@id\":\"https:\\\/\\\/www.pro-con-trading.de\\\/v1\\\/ketten\\\/foerderketten\\\/#breadcrumb\",\"itemListElement\":[{\"@type\":\"ListItem\",\"position\":1,\"name\":\"Startseite\",\"item\":\"https:\\\/\\\/www.pro-con-trading.de\\\/v1\\\/\"},{\"@type\":\"ListItem\",\"position\":2,\"name\":\"Ketten\",\"item\":\"https:\\\/\\\/www.pro-con-trading.de\\\/v1\\\/ketten\\\/\"},{\"@type\":\"ListItem\",\"position\":3,\"name\":\"F\u00f6rderketten\"}]},{\"@type\":\"WebSite\",\"@id\":\"https:\\\/\\\/www.pro-con-trading.de\\\/v1\\\/#website\",\"url\":\"https:\\\/\\\/www.pro-con-trading.de\\\/v1\\\/\",\"name\":\"Pro-Con GmbH\",\"description\":\"Trading Conceptions\",\"potentialAction\":[{\"@type\":\"SearchAction\",\"target\":{\"@type\":\"EntryPoint\",\"urlTemplate\":\"https:\\\/\\\/www.pro-con-trading.de\\\/v1\\\/?s={search_term_string}\"},\"query-input\":{\"@type\":\"PropertyValueSpecification\",\"valueRequired\":true,\"valueName\":\"search_term_string\"}}],\"inLanguage\":\"de\"}]}<\/script>\n<!-- \/ Yoast SEO plugin. -->","yoast_head_json":{"title":"F\u00f6rderketten - Pro-Con GmbH","description":"F\u00f6rderketten f\u00fcr den Maschinen- und Anlagenbau","robots":{"index":"index","follow":"follow","max-snippet":"max-snippet:-1","max-image-preview":"max-image-preview:large","max-video-preview":"max-video-preview:-1"},"canonical":"https:\/\/www.pro-con-trading.de\/v1\/ketten\/foerderketten\/","og_locale":"de_DE","og_type":"article","og_title":"F\u00f6rderketten - Pro-Con GmbH","og_description":"F\u00f6rderketten f\u00fcr den Maschinen- und Anlagenbau","og_url":"https:\/\/www.pro-con-trading.de\/v1\/ketten\/foerderketten\/","og_site_name":"Pro-Con GmbH","article_modified_time":"2018-03-28T07:41:05+00:00","og_image":[{"url":"http:\/\/www.pro-con-trading.de\/v1\/wp-content\/uploads\/2013\/11\/Rollenketten_05-300x227.jpg","type":"","width":"","height":""}],"twitter_card":"summary_large_image","twitter_misc":{"Gesch\u00e4tzte Lesezeit":"2\u00a0Minuten"},"schema":{"@context":"https:\/\/schema.org","@graph":[{"@type":"WebPage","@id":"https:\/\/www.pro-con-trading.de\/v1\/ketten\/foerderketten\/","url":"https:\/\/www.pro-con-trading.de\/v1\/ketten\/foerderketten\/","name":"F\u00f6rderketten - Pro-Con GmbH","isPartOf":{"@id":"https:\/\/www.pro-con-trading.de\/v1\/#website"},"primaryImageOfPage":{"@id":"https:\/\/www.pro-con-trading.de\/v1\/ketten\/foerderketten\/#primaryimage"},"image":{"@id":"https:\/\/www.pro-con-trading.de\/v1\/ketten\/foerderketten\/#primaryimage"},"thumbnailUrl":"http:\/\/www.pro-con-trading.de\/v1\/wp-content\/uploads\/2013\/11\/Rollenketten_05-300x227.jpg","datePublished":"2013-11-04T11:50:43+00:00","dateModified":"2018-03-28T07:41:05+00:00","description":"F\u00f6rderketten f\u00fcr den Maschinen- und Anlagenbau","breadcrumb":{"@id":"https:\/\/www.pro-con-trading.de\/v1\/ketten\/foerderketten\/#breadcrumb"},"inLanguage":"de","potentialAction":[{"@type":"ReadAction","target":["https:\/\/www.pro-con-trading.de\/v1\/ketten\/foerderketten\/"]}]},{"@type":"ImageObject","inLanguage":"de","@id":"https:\/\/www.pro-con-trading.de\/v1\/ketten\/foerderketten\/#primaryimage","url":"http:\/\/www.pro-con-trading.de\/v1\/wp-content\/uploads\/2013\/11\/Rollenketten_05-300x227.jpg","contentUrl":"http:\/\/www.pro-con-trading.de\/v1\/wp-content\/uploads\/2013\/11\/Rollenketten_05-300x227.jpg"},{"@type":"BreadcrumbList","@id":"https:\/\/www.pro-con-trading.de\/v1\/ketten\/foerderketten\/#breadcrumb","itemListElement":[{"@type":"ListItem","position":1,"name":"Startseite","item":"https:\/\/www.pro-con-trading.de\/v1\/"},{"@type":"ListItem","position":2,"name":"Ketten","item":"https:\/\/www.pro-con-trading.de\/v1\/ketten\/"},{"@type":"ListItem","position":3,"name":"F\u00f6rderketten"}]},{"@type":"WebSite","@id":"https:\/\/www.pro-con-trading.de\/v1\/#website","url":"https:\/\/www.pro-con-trading.de\/v1\/","name":"Pro-Con GmbH","description":"Trading Conceptions","potentialAction":[{"@type":"SearchAction","target":{"@type":"EntryPoint","urlTemplate":"https:\/\/www.pro-con-trading.de\/v1\/?s={search_term_string}"},"query-input":{"@type":"PropertyValueSpecification","valueRequired":true,"valueName":"search_term_string"}}],"inLanguage":"de"}]}},"_links":{"self":[{"href":"https:\/\/www.pro-con-trading.de\/v1\/wp-json\/wp\/v2\/pages\/112","targetHints":{"allow":["GET"]}}],"collection":[{"href":"https:\/\/www.pro-con-trading.de\/v1\/wp-json\/wp\/v2\/pages"}],"about":[{"href":"https:\/\/www.pro-con-trading.de\/v1\/wp-json\/wp\/v2\/types\/page"}],"author":[{"embeddable":true,"href":"https:\/\/www.pro-con-trading.de\/v1\/wp-json\/wp\/v2\/users\/1"}],"replies":[{"embeddable":true,"href":"https:\/\/www.pro-con-trading.de\/v1\/wp-json\/wp\/v2\/comments?post=112"}],"version-history":[{"count":8,"href":"https:\/\/www.pro-con-trading.de\/v1\/wp-json\/wp\/v2\/pages\/112\/revisions"}],"predecessor-version":[{"id":1136,"href":"https:\/\/www.pro-con-trading.de\/v1\/wp-json\/wp\/v2\/pages\/112\/revisions\/1136"}],"up":[{"embeddable":true,"href":"https:\/\/www.pro-con-trading.de\/v1\/wp-json\/wp\/v2\/pages\/42"}],"wp:attachment":[{"href":"https:\/\/www.pro-con-trading.de\/v1\/wp-json\/wp\/v2\/media?parent=112"}],"curies":[{"name":"wp","href":"https:\/\/api.w.org\/{rel}","templated":true}]}}